{"id":10707,"date":"2024-01-17T11:12:29","date_gmt":"2024-01-17T11:12:29","guid":{"rendered":"https:\/\/sptechnophiles.com\/gms\/?page_id=10707"},"modified":"2024-04-23T06:10:13","modified_gmt":"2024-04-23T06:10:13","slug":"teachlively","status":"publish","type":"page","link":"https:\/\/greenmedsoft.com\/fr\/teachlively\/","title":{"rendered":"TeachLively"},"content":{"rendered":"<div data-elementor-type=\"wp-page\" data-elementor-id=\"10707\" class=\"elementor elementor-10707\">\n\t\t\t\t\t\t<section class=\"has_ae_slider elementor-section elementor-top-section elementor-element elementor-element-86ececa elementor-section-boxed elementor-section-height-default elementor-section-height-default ae-bg-gallery-type-default\" data-id=\"86ececa\" data-element_type=\"section\" data-e-type=\"section\" data-settings=\"{&quot;background_background&quot;:&quot;classic&quot;}\">\n\t\t\t\t\t\t<div class=\"elementor-container elementor-column-gap-default\">\n\t\t\t\t\t<div class=\"has_ae_slider elementor-column elementor-col-100 elementor-top-column elementor-element elementor-element-7af8748 ae-bg-gallery-type-default\" data-id=\"7af8748\" data-element_type=\"column\" data-e-type=\"column\">\n\t\t\t<div class=\"elementor-widget-wrap elementor-element-populated\">\n\t\t\t\t\t\t<div class=\"elementor-element elementor-element-257befb elementor-invisible elementor-widget elementor-widget-html\" data-id=\"257befb\" data-element_type=\"widget\" data-e-type=\"widget\" data-settings=\"{&quot;_animation&quot;:&quot;fadeInUp&quot;}\" data-widget_type=\"html.default\">\n\t\t\t\t<div class=\"elementor-widget-container\">\n\t\t\t\t\t<h1 class=\"font-medium text-center\"><span class=\"text-white\">TeachLively<\/span><\/h1>\t\t\t\t<\/div>\n\t\t\t\t<\/div>\n\t\t\t\t\t<\/div>\n\t\t<\/div>\n\t\t\t\t\t<\/div>\n\t\t<\/section>\n\t\t\t\t<section class=\"has_ae_slider elementor-section elementor-top-section elementor-element elementor-element-db87b19 elementor-section-boxed elementor-section-height-default elementor-section-height-default ae-bg-gallery-type-default\" data-id=\"db87b19\" data-element_type=\"section\" data-e-type=\"section\">\n\t\t\t\t\t\t<div class=\"elementor-container elementor-column-gap-default\">\n\t\t\t\t\t<div class=\"has_ae_slider elementor-column elementor-col-100 elementor-top-column elementor-element elementor-element-c0489fc ae-bg-gallery-type-default\" data-id=\"c0489fc\" data-element_type=\"column\" data-e-type=\"column\">\n\t\t\t<div class=\"elementor-widget-wrap elementor-element-populated\">\n\t\t\t\t\t\t<section class=\"has_ae_slider elementor-section elementor-inner-section elementor-element elementor-element-8cc0ddb elementor-section-content-middle elementor-section-boxed elementor-section-height-default elementor-section-height-default ae-bg-gallery-type-default\" data-id=\"8cc0ddb\" data-element_type=\"section\" data-e-type=\"section\">\n\t\t\t\t\t\t<div class=\"elementor-container elementor-column-gap-default\">\n\t\t\t\t\t<div class=\"has_ae_slider elementor-column elementor-col-33 elementor-inner-column elementor-element elementor-element-66defec ae-bg-gallery-type-default\" data-id=\"66defec\" data-element_type=\"column\" data-e-type=\"column\">\n\t\t\t<div class=\"elementor-widget-wrap elementor-element-populated\">\n\t\t\t\t\t\t<div class=\"elementor-element elementor-element-1809ad4 elementor-invisible elementor-widget elementor-widget-image\" data-id=\"1809ad4\" data-element_type=\"widget\" data-e-type=\"widget\" data-settings=\"{&quot;_animation&quot;:&quot;fadeInLeft&quot;}\" data-widget_type=\"image.default\">\n\t\t\t\t<div class=\"elementor-widget-container\">\n\t\t\t\t\t\t\t\t\t\t\t\t\t\t\t<img fetchpriority=\"high\" decoding=\"async\" width=\"600\" height=\"600\" src=\"https:\/\/greenmedsoft.com\/wp-content\/uploads\/2024\/01\/For-Teachlively-min.png\" class=\"attachment-large size-large wp-image-12398\" alt=\"\" \/>\t\t\t\t\t\t\t\t\t\t\t\t\t\t\t<\/div>\n\t\t\t\t<\/div>\n\t\t\t\t\t<\/div>\n\t\t<\/div>\n\t\t\t\t<div class=\"has_ae_slider elementor-column elementor-col-66 elementor-inner-column elementor-element elementor-element-74cf38e ae-bg-gallery-type-default\" data-id=\"74cf38e\" data-element_type=\"column\" data-e-type=\"column\">\n\t\t\t<div class=\"elementor-widget-wrap elementor-element-populated\">\n\t\t\t\t\t\t<div class=\"elementor-element elementor-element-90cd9ba elementor-invisible elementor-widget elementor-widget-html\" data-id=\"90cd9ba\" data-element_type=\"widget\" data-e-type=\"widget\" data-settings=\"{&quot;_animation&quot;:&quot;fadeInRight&quot;}\" data-widget_type=\"html.default\">\n\t\t\t\t<div class=\"elementor-widget-container\">\n\t\t\t\t\t<p class=\"text-black text-sm\" style=\"text-align: justify;\">La plateforme \u00e9ducative TeachLively aide les enseignants \u00e0 am\u00e9liorer les performances des \u00e9tudiants en int\u00e9grant divers programmes \u00e9ducatifs. Teachlively utilise un programme d\u2019apprentissage et d\u2019\u00e9valuation qui permet d\u2019analyser en d\u00e9tail les performances des \u00e9tudiants et des enseignants dans diff\u00e9rentes mati\u00e8res. Le moteur d\u2019analyse de donn\u00e9es massives de TeachLively g\u00e9n\u00e8re des indicateurs cl\u00e9s de performance, mesurant les progr\u00e8s des \u00e9l\u00e8ves \u00e0 travers divers facteurs. La solution TeachLively, bas\u00e9e sur le cloud, propose des apprentissages et des \u00e9valuations en ligne personnalisables, des examens et des sessions de formation en direct. Les enseignants peuvent prendre des d\u00e9cisions \u00e9clair\u00e9es en se basant sur les donn\u00e9es de performances, garantissant un programme d\u2019\u00e9tudes rigoureux. TeachLively facilite la pr\u00e9paration aux examens et propose des examens pratiques dynamiques. Il prend en charge des contenus multim\u00e9dias, diff\u00e9rents types de questions et la cat\u00e9gorisation pour une analyse approfondies des performances. En termes de s\u00e9curit\u00e9, TeachLively contr\u00f4le l\u2019acc\u00e8s au contenu. De plus, il offre des fonctionnalit\u00e9s de paiement en ligne int\u00e9gr\u00e9e et la possibilit\u00e9 de partager du contenu sur les r\u00e9seaux sociaux pour une distribution plus large.\n\n<\/p>\t\t\t\t<\/div>\n\t\t\t\t<\/div>\n\t\t\t\t\t<\/div>\n\t\t<\/div>\n\t\t\t\t\t<\/div>\n\t\t<\/section>\n\t\t\t\t\t<\/div>\n\t\t<\/div>\n\t\t\t\t\t<\/div>\n\t\t<\/section>\n\t\t\t\t<\/div>","protected":false},"excerpt":{"rendered":"<p>TeachLively TeachLively offers educators a comprehensive platform for enhancing student performance by integrating educational programs. TeachLively, their Learning &#038; Assessment tool, facilitates in-depth analysis of student and teacher performance across subjects. TeachLively\u2019s Big Data Analytics engine generates Key Performance Indicators, measuring student progress through various factors. Cloud-based TeachLively delivers learning and assessments online, allowing customized [&hellip;]<\/p>\n","protected":false},"author":1,"featured_media":0,"parent":0,"menu_order":0,"comment_status":"closed","ping_status":"closed","template":"","meta":{"footnotes":""},"class_list":["post-10707","page","type-page","status-publish","hentry"],"yoast_head":"<!-- This site is optimized with the Yoast SEO plugin v27.3 - https:\/\/yoast.com\/product\/yoast-seo-wordpress\/ -->\n<title>TeachLively | Empowering Educators with Innovative Tools<\/title>\n<meta name=\"description\" content=\"Discover TeachLively, GreenMedSoft&#039;s learning platform designed to empower educators with innovative teaching tools. Enhance classroom\" \/>\n<meta name=\"robots\" content=\"index, follow, max-snippet:-1, max-image-preview:large, max-video-preview:-1\" \/>\n<link rel=\"canonical\" href=\"https:\/\/greenmedsoft.com\/fr\/teachlively\/\" \/>\n<meta property=\"og:locale\" content=\"fr_FR\" \/>\n<meta property=\"og:type\" content=\"article\" \/>\n<meta property=\"og:title\" content=\"TeachLively | Empowering Educators with Innovative Tools\" \/>\n<meta property=\"og:description\" content=\"Discover TeachLively, GreenMedSoft&#039;s learning platform designed to empower educators with innovative teaching tools. Enhance classroom\" \/>\n<meta property=\"og:url\" content=\"https:\/\/greenmedsoft.com\/fr\/teachlively\/\" \/>\n<meta property=\"og:site_name\" content=\"Green Medical Software Solutions\" \/>\n<meta property=\"article:modified_time\" content=\"2024-04-23T06:10:13+00:00\" \/>\n<meta property=\"og:image\" content=\"https:\/\/greenmedsoft.com\/wp-content\/uploads\/2024\/01\/For-Teachlively-min.png\" \/>\n<meta name=\"twitter:card\" content=\"summary_large_image\" \/>\n<meta name=\"twitter:label1\" content=\"Dur\u00e9e de lecture estim\u00e9e\" \/>\n\t<meta name=\"twitter:data1\" content=\"1 minute\" \/>\n<script type=\"application\/ld+json\" class=\"yoast-schema-graph\">{\"@context\":\"https:\\\/\\\/schema.org\",\"@graph\":[{\"@type\":\"WebPage\",\"@id\":\"https:\\\/\\\/greenmedsoft.com\\\/teachlively\\\/\",\"url\":\"https:\\\/\\\/greenmedsoft.com\\\/teachlively\\\/\",\"name\":\"TeachLively | Empowering Educators with Innovative Tools\",\"isPartOf\":{\"@id\":\"https:\\\/\\\/greenmedsoft.com\\\/#website\"},\"primaryImageOfPage\":{\"@id\":\"https:\\\/\\\/greenmedsoft.com\\\/teachlively\\\/#primaryimage\"},\"image\":{\"@id\":\"https:\\\/\\\/greenmedsoft.com\\\/teachlively\\\/#primaryimage\"},\"thumbnailUrl\":\"https:\\\/\\\/greenmedsoft.com\\\/wp-content\\\/uploads\\\/2024\\\/01\\\/For-Teachlively-min.png\",\"datePublished\":\"2024-01-17T11:12:29+00:00\",\"dateModified\":\"2024-04-23T06:10:13+00:00\",\"description\":\"Discover TeachLively, GreenMedSoft's learning platform designed to empower educators with innovative teaching tools. Enhance classroom\",\"breadcrumb\":{\"@id\":\"https:\\\/\\\/greenmedsoft.com\\\/teachlively\\\/#breadcrumb\"},\"inLanguage\":\"fr-FR\",\"potentialAction\":[{\"@type\":\"ReadAction\",\"target\":[\"https:\\\/\\\/greenmedsoft.com\\\/teachlively\\\/\"]}]},{\"@type\":\"ImageObject\",\"inLanguage\":\"fr-FR\",\"@id\":\"https:\\\/\\\/greenmedsoft.com\\\/teachlively\\\/#primaryimage\",\"url\":\"https:\\\/\\\/greenmedsoft.com\\\/wp-content\\\/uploads\\\/2024\\\/01\\\/For-Teachlively-min.png\",\"contentUrl\":\"https:\\\/\\\/greenmedsoft.com\\\/wp-content\\\/uploads\\\/2024\\\/01\\\/For-Teachlively-min.png\"},{\"@type\":\"BreadcrumbList\",\"@id\":\"https:\\\/\\\/greenmedsoft.com\\\/teachlively\\\/#breadcrumb\",\"itemListElement\":[{\"@type\":\"ListItem\",\"position\":1,\"name\":\"Home\",\"item\":\"https:\\\/\\\/greenmedsoft.com\\\/fr\\\/\"},{\"@type\":\"ListItem\",\"position\":2,\"name\":\"TeachLively\"}]},{\"@type\":\"WebSite\",\"@id\":\"https:\\\/\\\/greenmedsoft.com\\\/#website\",\"url\":\"https:\\\/\\\/greenmedsoft.com\\\/\",\"name\":\"Green Medical Software Solutions\",\"description\":\"\",\"publisher\":{\"@id\":\"https:\\\/\\\/greenmedsoft.com\\\/#organization\"},\"potentialAction\":[{\"@type\":\"SearchAction\",\"target\":{\"@type\":\"EntryPoint\",\"urlTemplate\":\"https:\\\/\\\/greenmedsoft.com\\\/?s={search_term_string}\"},\"query-input\":{\"@type\":\"PropertyValueSpecification\",\"valueRequired\":true,\"valueName\":\"search_term_string\"}}],\"inLanguage\":\"fr-FR\"},{\"@type\":\"Organization\",\"@id\":\"https:\\\/\\\/greenmedsoft.com\\\/#organization\",\"name\":\"Green Medical Software Solutions\",\"url\":\"https:\\\/\\\/greenmedsoft.com\\\/\",\"logo\":{\"@type\":\"ImageObject\",\"inLanguage\":\"fr-FR\",\"@id\":\"https:\\\/\\\/greenmedsoft.com\\\/#\\\/schema\\\/logo\\\/image\\\/\",\"url\":\"https:\\\/\\\/greenmedsoft.com\\\/wp-content\\\/uploads\\\/2024\\\/01\\\/GMS_Logo_SVG.png\",\"contentUrl\":\"https:\\\/\\\/greenmedsoft.com\\\/wp-content\\\/uploads\\\/2024\\\/01\\\/GMS_Logo_SVG.png\",\"width\":1624,\"height\":490,\"caption\":\"Green Medical Software Solutions\"},\"image\":{\"@id\":\"https:\\\/\\\/greenmedsoft.com\\\/#\\\/schema\\\/logo\\\/image\\\/\"}}]}<\/script>\n<!-- \/ Yoast SEO plugin. -->","yoast_head_json":{"title":"TeachLively | Empowering Educators with Innovative Tools","description":"Discover TeachLively, GreenMedSoft's learning platform designed to empower educators with innovative teaching tools. Enhance classroom","robots":{"index":"index","follow":"follow","max-snippet":"max-snippet:-1","max-image-preview":"max-image-preview:large","max-video-preview":"max-video-preview:-1"},"canonical":"https:\/\/greenmedsoft.com\/fr\/teachlively\/","og_locale":"fr_FR","og_type":"article","og_title":"TeachLively | Empowering Educators with Innovative Tools","og_description":"Discover TeachLively, GreenMedSoft's learning platform designed to empower educators with innovative teaching tools. Enhance classroom","og_url":"https:\/\/greenmedsoft.com\/fr\/teachlively\/","og_site_name":"Green Medical Software Solutions","article_modified_time":"2024-04-23T06:10:13+00:00","og_image":[{"url":"https:\/\/greenmedsoft.com\/wp-content\/uploads\/2024\/01\/For-Teachlively-min.png","type":"","width":"","height":""}],"twitter_card":"summary_large_image","twitter_misc":{"Dur\u00e9e de lecture estim\u00e9e":"1 minute"},"schema":{"@context":"https:\/\/schema.org","@graph":[{"@type":"WebPage","@id":"https:\/\/greenmedsoft.com\/teachlively\/","url":"https:\/\/greenmedsoft.com\/teachlively\/","name":"TeachLively | Empowering Educators with Innovative Tools","isPartOf":{"@id":"https:\/\/greenmedsoft.com\/#website"},"primaryImageOfPage":{"@id":"https:\/\/greenmedsoft.com\/teachlively\/#primaryimage"},"image":{"@id":"https:\/\/greenmedsoft.com\/teachlively\/#primaryimage"},"thumbnailUrl":"https:\/\/greenmedsoft.com\/wp-content\/uploads\/2024\/01\/For-Teachlively-min.png","datePublished":"2024-01-17T11:12:29+00:00","dateModified":"2024-04-23T06:10:13+00:00","description":"Discover TeachLively, GreenMedSoft's learning platform designed to empower educators with innovative teaching tools. Enhance classroom","breadcrumb":{"@id":"https:\/\/greenmedsoft.com\/teachlively\/#breadcrumb"},"inLanguage":"fr-FR","potentialAction":[{"@type":"ReadAction","target":["https:\/\/greenmedsoft.com\/teachlively\/"]}]},{"@type":"ImageObject","inLanguage":"fr-FR","@id":"https:\/\/greenmedsoft.com\/teachlively\/#primaryimage","url":"https:\/\/greenmedsoft.com\/wp-content\/uploads\/2024\/01\/For-Teachlively-min.png","contentUrl":"https:\/\/greenmedsoft.com\/wp-content\/uploads\/2024\/01\/For-Teachlively-min.png"},{"@type":"BreadcrumbList","@id":"https:\/\/greenmedsoft.com\/teachlively\/#breadcrumb","itemListElement":[{"@type":"ListItem","position":1,"name":"Home","item":"https:\/\/greenmedsoft.com\/fr\/"},{"@type":"ListItem","position":2,"name":"TeachLively"}]},{"@type":"WebSite","@id":"https:\/\/greenmedsoft.com\/#website","url":"https:\/\/greenmedsoft.com\/","name":"Green Medical Software Solutions","description":"","publisher":{"@id":"https:\/\/greenmedsoft.com\/#organization"},"potentialAction":[{"@type":"SearchAction","target":{"@type":"EntryPoint","urlTemplate":"https:\/\/greenmedsoft.com\/?s={search_term_string}"},"query-input":{"@type":"PropertyValueSpecification","valueRequired":true,"valueName":"search_term_string"}}],"inLanguage":"fr-FR"},{"@type":"Organization","@id":"https:\/\/greenmedsoft.com\/#organization","name":"Green Medical Software Solutions","url":"https:\/\/greenmedsoft.com\/","logo":{"@type":"ImageObject","inLanguage":"fr-FR","@id":"https:\/\/greenmedsoft.com\/#\/schema\/logo\/image\/","url":"https:\/\/greenmedsoft.com\/wp-content\/uploads\/2024\/01\/GMS_Logo_SVG.png","contentUrl":"https:\/\/greenmedsoft.com\/wp-content\/uploads\/2024\/01\/GMS_Logo_SVG.png","width":1624,"height":490,"caption":"Green Medical Software Solutions"},"image":{"@id":"https:\/\/greenmedsoft.com\/#\/schema\/logo\/image\/"}}]}},"brizy_media":[],"_links":{"self":[{"href":"https:\/\/greenmedsoft.com\/fr\/wp-json\/wp\/v2\/pages\/10707","targetHints":{"allow":["GET"]}}],"collection":[{"href":"https:\/\/greenmedsoft.com\/fr\/wp-json\/wp\/v2\/pages"}],"about":[{"href":"https:\/\/greenmedsoft.com\/fr\/wp-json\/wp\/v2\/types\/page"}],"author":[{"embeddable":true,"href":"https:\/\/greenmedsoft.com\/fr\/wp-json\/wp\/v2\/users\/1"}],"replies":[{"embeddable":true,"href":"https:\/\/greenmedsoft.com\/fr\/wp-json\/wp\/v2\/comments?post=10707"}],"version-history":[{"count":46,"href":"https:\/\/greenmedsoft.com\/fr\/wp-json\/wp\/v2\/pages\/10707\/revisions"}],"predecessor-version":[{"id":14765,"href":"https:\/\/greenmedsoft.com\/fr\/wp-json\/wp\/v2\/pages\/10707\/revisions\/14765"}],"wp:attachment":[{"href":"https:\/\/greenmedsoft.com\/fr\/wp-json\/wp\/v2\/media?parent=10707"}],"curies":[{"name":"wp","href":"https:\/\/api.w.org\/{rel}","templated":true}]}}