{"id":10714,"date":"2024-01-17T11:13:24","date_gmt":"2024-01-17T11:13:24","guid":{"rendered":"https:\/\/sptechnophiles.com\/gms\/?page_id=10714"},"modified":"2024-04-23T06:13:44","modified_gmt":"2024-04-23T06:13:44","slug":"gigaproc","status":"publish","type":"page","link":"https:\/\/greenmedsoft.com\/fr\/gigaproc\/","title":{"rendered":"GigaProc"},"content":{"rendered":"<div data-elementor-type=\"wp-page\" data-elementor-id=\"10714\" class=\"elementor elementor-10714\">\n\t\t\t\t\t\t<section class=\"has_ae_slider elementor-section elementor-top-section elementor-element elementor-element-3646d7c0 elementor-section-boxed elementor-section-height-default elementor-section-height-default ae-bg-gallery-type-default\" data-id=\"3646d7c0\" data-element_type=\"section\" data-e-type=\"section\" data-settings=\"{&quot;background_background&quot;:&quot;classic&quot;}\">\n\t\t\t\t\t\t<div class=\"elementor-container elementor-column-gap-default\">\n\t\t\t\t\t<div class=\"has_ae_slider elementor-column elementor-col-100 elementor-top-column elementor-element elementor-element-631ecd4f ae-bg-gallery-type-default\" data-id=\"631ecd4f\" data-element_type=\"column\" data-e-type=\"column\">\n\t\t\t<div class=\"elementor-widget-wrap elementor-element-populated\">\n\t\t\t\t\t\t<div class=\"elementor-element elementor-element-56a6b75c elementor-invisible elementor-widget elementor-widget-html\" data-id=\"56a6b75c\" data-element_type=\"widget\" data-e-type=\"widget\" data-settings=\"{&quot;_animation&quot;:&quot;fadeInUp&quot;}\" data-widget_type=\"html.default\">\n\t\t\t\t<div class=\"elementor-widget-container\">\n\t\t\t\t\t<h1 class=\"font-medium text-center\"><span class=\"text-white\">GigaProc<\/span><\/h1>\t\t\t\t<\/div>\n\t\t\t\t<\/div>\n\t\t\t\t\t<\/div>\n\t\t<\/div>\n\t\t\t\t\t<\/div>\n\t\t<\/section>\n\t\t\t\t<section class=\"has_ae_slider elementor-section elementor-top-section elementor-element elementor-element-4fcbfd7c elementor-section-boxed elementor-section-height-default elementor-section-height-default ae-bg-gallery-type-default\" data-id=\"4fcbfd7c\" data-element_type=\"section\" data-e-type=\"section\">\n\t\t\t\t\t\t<div class=\"elementor-container elementor-column-gap-default\">\n\t\t\t\t\t<div class=\"has_ae_slider elementor-column elementor-col-100 elementor-top-column elementor-element elementor-element-6e2a2307 ae-bg-gallery-type-default\" data-id=\"6e2a2307\" data-element_type=\"column\" data-e-type=\"column\">\n\t\t\t<div class=\"elementor-widget-wrap elementor-element-populated\">\n\t\t\t\t\t\t<section class=\"has_ae_slider elementor-section elementor-inner-section elementor-element elementor-element-57073e68 elementor-section-content-middle elementor-section-boxed elementor-section-height-default elementor-section-height-default ae-bg-gallery-type-default\" data-id=\"57073e68\" data-element_type=\"section\" data-e-type=\"section\">\n\t\t\t\t\t\t<div class=\"elementor-container elementor-column-gap-default\">\n\t\t\t\t\t<div class=\"has_ae_slider elementor-column elementor-col-33 elementor-inner-column elementor-element elementor-element-60430d26 ae-bg-gallery-type-default\" data-id=\"60430d26\" data-element_type=\"column\" data-e-type=\"column\">\n\t\t\t<div class=\"elementor-widget-wrap elementor-element-populated\">\n\t\t\t\t\t\t<div class=\"elementor-element elementor-element-52afa913 elementor-invisible elementor-widget elementor-widget-image\" data-id=\"52afa913\" data-element_type=\"widget\" data-e-type=\"widget\" data-settings=\"{&quot;_animation&quot;:&quot;fadeInLeft&quot;}\" data-widget_type=\"image.default\">\n\t\t\t\t<div class=\"elementor-widget-container\">\n\t\t\t\t\t\t\t\t\t\t\t\t\t\t\t<img fetchpriority=\"high\" decoding=\"async\" width=\"600\" height=\"600\" src=\"https:\/\/greenmedsoft.com\/wp-content\/uploads\/2024\/01\/For-Gigaproc-min.png\" class=\"attachment-large size-large wp-image-12397\" alt=\"\" \/>\t\t\t\t\t\t\t\t\t\t\t\t\t\t\t<\/div>\n\t\t\t\t<\/div>\n\t\t\t\t\t<\/div>\n\t\t<\/div>\n\t\t\t\t<div class=\"has_ae_slider elementor-column elementor-col-66 elementor-inner-column elementor-element elementor-element-19fd7ecd ae-bg-gallery-type-default\" data-id=\"19fd7ecd\" data-element_type=\"column\" data-e-type=\"column\">\n\t\t\t<div class=\"elementor-widget-wrap elementor-element-populated\">\n\t\t\t\t\t\t<div class=\"elementor-element elementor-element-8cd1c98 elementor-invisible elementor-widget elementor-widget-html\" data-id=\"8cd1c98\" data-element_type=\"widget\" data-e-type=\"widget\" data-settings=\"{&quot;_animation&quot;:&quot;fadeInRight&quot;}\" data-widget_type=\"html.default\">\n\t\t\t\t<div class=\"elementor-widget-container\">\n\t\t\t\t\t\n\n\n<p class=\"text-black text-sm\"  style=\"text-align: justify;\">GreenMedSoft propose des solutions technologiques avanc\u00e9es d\u00e9di\u00e9es au secteur financier, mettant en avant son produit phare, GigaProc, capable de r\u00e9soudre divers d\u00e9fis :<\/p>\n<ul class=\"list-items\"  style=\"text-align: justify;\">\n    <li>Dans l\u2019objectif d\u2019optimiser les performances GigaProc surmonte les probl\u00e8mes de lenteur des applications et offre une prise en charge solide pour l\u2019analyse de Big Data, permettant ainsi une \u00e9valuation approfondie des donn\u00e9es complexes. La clart\u00e9 et la coh\u00e9rence dans la visualisation des donn\u00e9es sont garanties, facilitant ainsi des prises des d\u00e9cisions \u00e9clair\u00e9es.<\/li>\n    <li>GigaProc contribue de mani\u00e8re significative \u00e0 la r\u00e9duction des co\u00fbts op\u00e9rationnels en optimisant les processus et en utilisant les ressources. De plus, il assure le traitement en temps r\u00e9el de vastes volumes de donn\u00e9es tout en garantissant la s\u00e9curit\u00e9 et la fiabilit\u00e9 des informations qui ne peuvent \u00eatre manipul\u00e9es.<\/li>\n    <li>Pour garantir une s\u00e9curit\u00e9 maximale et une accessibilit\u00e9 constante, les donn\u00e9es sont distribu\u00e9es sur des serveurs d\u00e9centralis\u00e9s. GigaProc utilise des bases de donn\u00e9es de pointe telles que Cassandra pour g\u00e9rer des ensembles de donn\u00e9es complexes. Il s\u2019adapte et \u00e9volue au rythme de vos besoins gr\u00e2ce \u00e0 son d\u00e9ploiement et \u00e0 son accessibilit\u00e9 dans le cloud, offrant ainsi une flexibilit\u00e9 exceptionnelle.<\/li>\n    <li>GigaProc propose des tableaux de bord personnalisables, adapt\u00e9s \u00e0 vos indicateurs cl\u00e9s de performance sp\u00e9cifiques, facilitant ainsi une surveillance pr\u00e9cise de l\u2019activit\u00e9. Son infrastructure distribu\u00e9e garantit un traitement efficace des donn\u00e9es, le tout \u00e0 coup ma\u00eetris\u00e9.<\/li>\n    <li>GigaProc repr\u00e9sente ainsi une solution technologique exceptionnelle, combinant innovation et polyvalence pour r\u00e9pondre efficacement aux d\u00e9fis complexes auxquels font face les entreprises financi\u00e8res.<\/li>\n<\/ul>\n\t\t\t\t<\/div>\n\t\t\t\t<\/div>\n\t\t\t\t\t<\/div>\n\t\t<\/div>\n\t\t\t\t\t<\/div>\n\t\t<\/section>\n\t\t\t\t\t<\/div>\n\t\t<\/div>\n\t\t\t\t\t<\/div>\n\t\t<\/section>\n\t\t\t\t<\/div>","protected":false},"excerpt":{"rendered":"<p>GigaProc<\/p>","protected":false},"author":1,"featured_media":0,"parent":0,"menu_order":0,"comment_status":"closed","ping_status":"closed","template":"","meta":{"footnotes":""},"class_list":["post-10714","page","type-page","status-publish","hentry"],"yoast_head":"<!-- This site is optimized with the Yoast SEO plugin v27.3 - https:\/\/yoast.com\/product\/yoast-seo-wordpress\/ -->\n<title>GigaProc: Streamlining Procurement Processes<\/title>\n<meta name=\"description\" content=\"Explore GigaProc, GreenMedSoft&#039;s platform designed to streamline financial solutions .\" \/>\n<meta name=\"robots\" content=\"index, follow, max-snippet:-1, max-image-preview:large, max-video-preview:-1\" \/>\n<link rel=\"canonical\" href=\"https:\/\/greenmedsoft.com\/fr\/gigaproc\/\" \/>\n<meta property=\"og:locale\" content=\"fr_FR\" \/>\n<meta property=\"og:type\" content=\"article\" \/>\n<meta property=\"og:title\" content=\"GigaProc: Streamlining Procurement Processes\" \/>\n<meta property=\"og:description\" content=\"Explore GigaProc, GreenMedSoft&#039;s platform designed to streamline financial solutions .\" \/>\n<meta property=\"og:url\" content=\"https:\/\/greenmedsoft.com\/fr\/gigaproc\/\" \/>\n<meta property=\"og:site_name\" content=\"Green Medical Software Solutions\" \/>\n<meta property=\"article:modified_time\" content=\"2024-04-23T06:13:44+00:00\" \/>\n<meta property=\"og:image\" content=\"https:\/\/greenmedsoft.com\/wp-content\/uploads\/2024\/01\/For-Gigaproc-min.png\" \/>\n<meta name=\"twitter:card\" content=\"summary_large_image\" \/>\n<meta name=\"twitter:label1\" content=\"Dur\u00e9e de lecture estim\u00e9e\" \/>\n\t<meta name=\"twitter:data1\" content=\"2 minutes\" \/>\n<script type=\"application\/ld+json\" class=\"yoast-schema-graph\">{\"@context\":\"https:\\\/\\\/schema.org\",\"@graph\":[{\"@type\":\"WebPage\",\"@id\":\"https:\\\/\\\/greenmedsoft.com\\\/gigaproc\\\/\",\"url\":\"https:\\\/\\\/greenmedsoft.com\\\/gigaproc\\\/\",\"name\":\"GigaProc: Streamlining Procurement Processes\",\"isPartOf\":{\"@id\":\"https:\\\/\\\/greenmedsoft.com\\\/#website\"},\"primaryImageOfPage\":{\"@id\":\"https:\\\/\\\/greenmedsoft.com\\\/gigaproc\\\/#primaryimage\"},\"image\":{\"@id\":\"https:\\\/\\\/greenmedsoft.com\\\/gigaproc\\\/#primaryimage\"},\"thumbnailUrl\":\"https:\\\/\\\/greenmedsoft.com\\\/wp-content\\\/uploads\\\/2024\\\/01\\\/For-Gigaproc-min.png\",\"datePublished\":\"2024-01-17T11:13:24+00:00\",\"dateModified\":\"2024-04-23T06:13:44+00:00\",\"description\":\"Explore GigaProc, GreenMedSoft's platform designed to streamline financial solutions .\",\"breadcrumb\":{\"@id\":\"https:\\\/\\\/greenmedsoft.com\\\/gigaproc\\\/#breadcrumb\"},\"inLanguage\":\"fr-FR\",\"potentialAction\":[{\"@type\":\"ReadAction\",\"target\":[\"https:\\\/\\\/greenmedsoft.com\\\/gigaproc\\\/\"]}]},{\"@type\":\"ImageObject\",\"inLanguage\":\"fr-FR\",\"@id\":\"https:\\\/\\\/greenmedsoft.com\\\/gigaproc\\\/#primaryimage\",\"url\":\"https:\\\/\\\/greenmedsoft.com\\\/wp-content\\\/uploads\\\/2024\\\/01\\\/For-Gigaproc-min.png\",\"contentUrl\":\"https:\\\/\\\/greenmedsoft.com\\\/wp-content\\\/uploads\\\/2024\\\/01\\\/For-Gigaproc-min.png\"},{\"@type\":\"BreadcrumbList\",\"@id\":\"https:\\\/\\\/greenmedsoft.com\\\/gigaproc\\\/#breadcrumb\",\"itemListElement\":[{\"@type\":\"ListItem\",\"position\":1,\"name\":\"Home\",\"item\":\"https:\\\/\\\/greenmedsoft.com\\\/fr\\\/\"},{\"@type\":\"ListItem\",\"position\":2,\"name\":\"GigaProc\"}]},{\"@type\":\"WebSite\",\"@id\":\"https:\\\/\\\/greenmedsoft.com\\\/#website\",\"url\":\"https:\\\/\\\/greenmedsoft.com\\\/\",\"name\":\"Green Medical Software Solutions\",\"description\":\"\",\"publisher\":{\"@id\":\"https:\\\/\\\/greenmedsoft.com\\\/#organization\"},\"potentialAction\":[{\"@type\":\"SearchAction\",\"target\":{\"@type\":\"EntryPoint\",\"urlTemplate\":\"https:\\\/\\\/greenmedsoft.com\\\/?s={search_term_string}\"},\"query-input\":{\"@type\":\"PropertyValueSpecification\",\"valueRequired\":true,\"valueName\":\"search_term_string\"}}],\"inLanguage\":\"fr-FR\"},{\"@type\":\"Organization\",\"@id\":\"https:\\\/\\\/greenmedsoft.com\\\/#organization\",\"name\":\"Green Medical Software Solutions\",\"url\":\"https:\\\/\\\/greenmedsoft.com\\\/\",\"logo\":{\"@type\":\"ImageObject\",\"inLanguage\":\"fr-FR\",\"@id\":\"https:\\\/\\\/greenmedsoft.com\\\/#\\\/schema\\\/logo\\\/image\\\/\",\"url\":\"https:\\\/\\\/greenmedsoft.com\\\/wp-content\\\/uploads\\\/2024\\\/01\\\/GMS_Logo_SVG.png\",\"contentUrl\":\"https:\\\/\\\/greenmedsoft.com\\\/wp-content\\\/uploads\\\/2024\\\/01\\\/GMS_Logo_SVG.png\",\"width\":1624,\"height\":490,\"caption\":\"Green Medical Software Solutions\"},\"image\":{\"@id\":\"https:\\\/\\\/greenmedsoft.com\\\/#\\\/schema\\\/logo\\\/image\\\/\"}}]}<\/script>\n<!-- \/ Yoast SEO plugin. -->","yoast_head_json":{"title":"GigaProc: Streamlining Procurement Processes","description":"Explore GigaProc, GreenMedSoft's platform designed to streamline financial solutions .","robots":{"index":"index","follow":"follow","max-snippet":"max-snippet:-1","max-image-preview":"max-image-preview:large","max-video-preview":"max-video-preview:-1"},"canonical":"https:\/\/greenmedsoft.com\/fr\/gigaproc\/","og_locale":"fr_FR","og_type":"article","og_title":"GigaProc: Streamlining Procurement Processes","og_description":"Explore GigaProc, GreenMedSoft's platform designed to streamline financial solutions .","og_url":"https:\/\/greenmedsoft.com\/fr\/gigaproc\/","og_site_name":"Green Medical Software Solutions","article_modified_time":"2024-04-23T06:13:44+00:00","og_image":[{"url":"https:\/\/greenmedsoft.com\/wp-content\/uploads\/2024\/01\/For-Gigaproc-min.png","type":"","width":"","height":""}],"twitter_card":"summary_large_image","twitter_misc":{"Dur\u00e9e de lecture estim\u00e9e":"2 minutes"},"schema":{"@context":"https:\/\/schema.org","@graph":[{"@type":"WebPage","@id":"https:\/\/greenmedsoft.com\/gigaproc\/","url":"https:\/\/greenmedsoft.com\/gigaproc\/","name":"GigaProc: Streamlining Procurement Processes","isPartOf":{"@id":"https:\/\/greenmedsoft.com\/#website"},"primaryImageOfPage":{"@id":"https:\/\/greenmedsoft.com\/gigaproc\/#primaryimage"},"image":{"@id":"https:\/\/greenmedsoft.com\/gigaproc\/#primaryimage"},"thumbnailUrl":"https:\/\/greenmedsoft.com\/wp-content\/uploads\/2024\/01\/For-Gigaproc-min.png","datePublished":"2024-01-17T11:13:24+00:00","dateModified":"2024-04-23T06:13:44+00:00","description":"Explore GigaProc, GreenMedSoft's platform designed to streamline financial solutions .","breadcrumb":{"@id":"https:\/\/greenmedsoft.com\/gigaproc\/#breadcrumb"},"inLanguage":"fr-FR","potentialAction":[{"@type":"ReadAction","target":["https:\/\/greenmedsoft.com\/gigaproc\/"]}]},{"@type":"ImageObject","inLanguage":"fr-FR","@id":"https:\/\/greenmedsoft.com\/gigaproc\/#primaryimage","url":"https:\/\/greenmedsoft.com\/wp-content\/uploads\/2024\/01\/For-Gigaproc-min.png","contentUrl":"https:\/\/greenmedsoft.com\/wp-content\/uploads\/2024\/01\/For-Gigaproc-min.png"},{"@type":"BreadcrumbList","@id":"https:\/\/greenmedsoft.com\/gigaproc\/#breadcrumb","itemListElement":[{"@type":"ListItem","position":1,"name":"Home","item":"https:\/\/greenmedsoft.com\/fr\/"},{"@type":"ListItem","position":2,"name":"GigaProc"}]},{"@type":"WebSite","@id":"https:\/\/greenmedsoft.com\/#website","url":"https:\/\/greenmedsoft.com\/","name":"Green Medical Software Solutions","description":"","publisher":{"@id":"https:\/\/greenmedsoft.com\/#organization"},"potentialAction":[{"@type":"SearchAction","target":{"@type":"EntryPoint","urlTemplate":"https:\/\/greenmedsoft.com\/?s={search_term_string}"},"query-input":{"@type":"PropertyValueSpecification","valueRequired":true,"valueName":"search_term_string"}}],"inLanguage":"fr-FR"},{"@type":"Organization","@id":"https:\/\/greenmedsoft.com\/#organization","name":"Green Medical Software Solutions","url":"https:\/\/greenmedsoft.com\/","logo":{"@type":"ImageObject","inLanguage":"fr-FR","@id":"https:\/\/greenmedsoft.com\/#\/schema\/logo\/image\/","url":"https:\/\/greenmedsoft.com\/wp-content\/uploads\/2024\/01\/GMS_Logo_SVG.png","contentUrl":"https:\/\/greenmedsoft.com\/wp-content\/uploads\/2024\/01\/GMS_Logo_SVG.png","width":1624,"height":490,"caption":"Green Medical Software Solutions"},"image":{"@id":"https:\/\/greenmedsoft.com\/#\/schema\/logo\/image\/"}}]}},"brizy_media":[],"_links":{"self":[{"href":"https:\/\/greenmedsoft.com\/fr\/wp-json\/wp\/v2\/pages\/10714","targetHints":{"allow":["GET"]}}],"collection":[{"href":"https:\/\/greenmedsoft.com\/fr\/wp-json\/wp\/v2\/pages"}],"about":[{"href":"https:\/\/greenmedsoft.com\/fr\/wp-json\/wp\/v2\/types\/page"}],"author":[{"embeddable":true,"href":"https:\/\/greenmedsoft.com\/fr\/wp-json\/wp\/v2\/users\/1"}],"replies":[{"embeddable":true,"href":"https:\/\/greenmedsoft.com\/fr\/wp-json\/wp\/v2\/comments?post=10714"}],"version-history":[{"count":29,"href":"https:\/\/greenmedsoft.com\/fr\/wp-json\/wp\/v2\/pages\/10714\/revisions"}],"predecessor-version":[{"id":14769,"href":"https:\/\/greenmedsoft.com\/fr\/wp-json\/wp\/v2\/pages\/10714\/revisions\/14769"}],"wp:attachment":[{"href":"https:\/\/greenmedsoft.com\/fr\/wp-json\/wp\/v2\/media?parent=10714"}],"curies":[{"name":"wp","href":"https:\/\/api.w.org\/{rel}","templated":true}]}}