{"id":10721,"date":"2024-01-17T11:13:55","date_gmt":"2024-01-17T11:13:55","guid":{"rendered":"https:\/\/sptechnophiles.com\/gms\/?page_id=10721"},"modified":"2024-04-23T06:14:45","modified_gmt":"2024-04-23T06:14:45","slug":"greenmedsoft","status":"publish","type":"page","link":"https:\/\/greenmedsoft.com\/fr\/greenmedsoft\/","title":{"rendered":"GreenMedSoft"},"content":{"rendered":"<div data-elementor-type=\"wp-page\" data-elementor-id=\"10721\" class=\"elementor elementor-10721\">\n\t\t\t\t\t\t<section class=\"has_ae_slider elementor-section elementor-top-section elementor-element elementor-element-2ed8cf80 elementor-section-boxed elementor-section-height-default elementor-section-height-default ae-bg-gallery-type-default\" data-id=\"2ed8cf80\" data-element_type=\"section\" data-e-type=\"section\" data-settings=\"{&quot;background_background&quot;:&quot;classic&quot;}\">\n\t\t\t\t\t\t<div class=\"elementor-container elementor-column-gap-default\">\n\t\t\t\t\t<div class=\"has_ae_slider elementor-column elementor-col-100 elementor-top-column elementor-element elementor-element-7163cc4 ae-bg-gallery-type-default\" data-id=\"7163cc4\" data-element_type=\"column\" data-e-type=\"column\">\n\t\t\t<div class=\"elementor-widget-wrap elementor-element-populated\">\n\t\t\t\t\t\t<div class=\"elementor-element elementor-element-76b8346 elementor-invisible elementor-widget elementor-widget-html\" data-id=\"76b8346\" data-element_type=\"widget\" data-e-type=\"widget\" data-settings=\"{&quot;_animation&quot;:&quot;fadeInUp&quot;}\" data-widget_type=\"html.default\">\n\t\t\t\t<div class=\"elementor-widget-container\">\n\t\t\t\t\t<h1 class=\"font-medium text-center\"><span class=\"text-white\">GreenMedSoft<\/span><\/h1>\t\t\t\t<\/div>\n\t\t\t\t<\/div>\n\t\t\t\t\t<\/div>\n\t\t<\/div>\n\t\t\t\t\t<\/div>\n\t\t<\/section>\n\t\t\t\t<section class=\"has_ae_slider elementor-section elementor-top-section elementor-element elementor-element-5b561d6 elementor-section-boxed elementor-section-height-default elementor-section-height-default ae-bg-gallery-type-default\" data-id=\"5b561d6\" data-element_type=\"section\" data-e-type=\"section\">\n\t\t\t\t\t\t<div class=\"elementor-container elementor-column-gap-default\">\n\t\t\t\t\t<div class=\"has_ae_slider elementor-column elementor-col-100 elementor-top-column elementor-element elementor-element-6b890357 ae-bg-gallery-type-default\" data-id=\"6b890357\" data-element_type=\"column\" data-e-type=\"column\">\n\t\t\t<div class=\"elementor-widget-wrap elementor-element-populated\">\n\t\t\t\t\t\t<section class=\"has_ae_slider elementor-section elementor-inner-section elementor-element elementor-element-c24582b elementor-section-content-middle elementor-section-boxed elementor-section-height-default elementor-section-height-default ae-bg-gallery-type-default\" data-id=\"c24582b\" data-element_type=\"section\" data-e-type=\"section\">\n\t\t\t\t\t\t<div class=\"elementor-container elementor-column-gap-default\">\n\t\t\t\t\t<div class=\"has_ae_slider elementor-column elementor-col-33 elementor-inner-column elementor-element elementor-element-3313caf5 ae-bg-gallery-type-default\" data-id=\"3313caf5\" data-element_type=\"column\" data-e-type=\"column\">\n\t\t\t<div class=\"elementor-widget-wrap elementor-element-populated\">\n\t\t\t\t\t\t<div class=\"elementor-element elementor-element-39839a9a elementor-invisible elementor-widget elementor-widget-image\" data-id=\"39839a9a\" data-element_type=\"widget\" data-e-type=\"widget\" data-settings=\"{&quot;_animation&quot;:&quot;fadeInLeft&quot;}\" data-widget_type=\"image.default\">\n\t\t\t\t<div class=\"elementor-widget-container\">\n\t\t\t\t\t\t\t\t\t\t\t\t\t\t\t<img fetchpriority=\"high\" decoding=\"async\" width=\"600\" height=\"181\" src=\"https:\/\/greenmedsoft.com\/wp-content\/uploads\/2024\/01\/GMS_Logo_SVG.png\" class=\"attachment-large size-large wp-image-10015\" alt=\"\" \/>\t\t\t\t\t\t\t\t\t\t\t\t\t\t\t<\/div>\n\t\t\t\t<\/div>\n\t\t\t\t\t<\/div>\n\t\t<\/div>\n\t\t\t\t<div class=\"has_ae_slider elementor-column elementor-col-66 elementor-inner-column elementor-element elementor-element-5e369339 ae-bg-gallery-type-default\" data-id=\"5e369339\" data-element_type=\"column\" data-e-type=\"column\">\n\t\t\t<div class=\"elementor-widget-wrap elementor-element-populated\">\n\t\t\t\t\t\t<div class=\"elementor-element elementor-element-64909cd2 elementor-invisible elementor-widget elementor-widget-html\" data-id=\"64909cd2\" data-element_type=\"widget\" data-e-type=\"widget\" data-settings=\"{&quot;_animation&quot;:&quot;fadeInRight&quot;}\" data-widget_type=\"html.default\">\n\t\t\t\t<div class=\"elementor-widget-container\">\n\t\t\t\t\t<p class=\"text-black text-sm\" style=\"text-align: justify;\">GreenMedSoft propose des solutions fiables et \u00e9volutives, sp\u00e9cialement con\u00e7ues pour r\u00e9pondre aux besoins des \u00e9tablissements de sant\u00e9. Leur flexibilit\u00e9 et la s\u00e9curit\u00e9 de leurs syst\u00e8mes en font le choix id\u00e9al pour les professionnels de sant\u00e9 cherchant \u00e0 optimiser leurs pratiques et \u00e0 offrir des soins de qualit\u00e9 sup\u00e9rieure \u00e0 leurs patients.<br><br>\nLes solutions technologiques avanc\u00e9es de GreenMedSoft pour la gestion des syst\u00e8mes de dossiers m\u00e9dicaux \u00e9lectroniques (DME) se concentrent sur les performances, l\u2019\u00e9volutivit\u00e9 et la s\u00e9curit\u00e9. L\u2019un de leurs produits phares est un logiciel EMR innovant bas\u00e9 sur le web, sp\u00e9cialement con\u00e7us pour les prestataires de soins de sant\u00e9 et les patients. Construit avec les derni\u00e8res technologies telles que Java, GWT et MySQL sur la plateforme Linux, il offre une exp\u00e9rience fluide sur les appareils mobiles et peut \u00eatre h\u00e9berg\u00e9 sur les serveurs priv\u00e9s des \u00e9tablissements de sant\u00e9 ou dans des centres de donn\u00e9es conformes au RGPD.\nCe mod\u00e8le de logiciel en tant que service (SaaS) assure un acc\u00e8s \u00e0 distance, ce qui est particuli\u00e8rement b\u00e9n\u00e9fique pour la prestation de soins de sant\u00e9 en milieu rural. GreenMedSoft est la solution pour palier au d\u00e9sert m\u00e9dical. Il r\u00e9duit les erreurs de diagnostic m\u00e9dical, am\u00e9liore l\u2019efficacit\u00e9 des soins et encourage la m\u00e9decine pr\u00e9ventive, le tout dans un environnement s\u00e9curis\u00e9 et conforme aux normes de conformit\u00e9.\nL\u2019innovation de GreenMedSoft r\u00e9side dans son syst\u00e8me de DME bas\u00e9 sur le web et la t\u00e9l\u00e9phonie mobile. Il facilite la gestion des dossiers m\u00e9dicaux, permet une surveillance proactive des patients et accro\u00eet la sensibilisation \u00e0 la prise en charge de la sant\u00e9, le tout sans n\u00e9cessiter d\u2019investissements importants dans l\u2019infrastructure.\n<\/p>\t\t\t\t<\/div>\n\t\t\t\t<\/div>\n\t\t\t\t\t<\/div>\n\t\t<\/div>\n\t\t\t\t\t<\/div>\n\t\t<\/section>\n\t\t\t\t\t<\/div>\n\t\t<\/div>\n\t\t\t\t\t<\/div>\n\t\t<\/section>\n\t\t\t\t<\/div>","protected":false},"excerpt":{"rendered":"<p>GreenMedSoft Greenmedsoft offers advanced technology solutions for Electronic Health Records (EHR) systems, focusing on performance, scalability, and security. Their flagship product, GreenMedSoft, is a cutting-edge, web-based EMR software designed for healthcare providers and individuals. Built with Java, GWT, and MySQL on Linux, it supports mobile access and can be hosted on both practice-owned servers and [&hellip;]<\/p>\n","protected":false},"author":1,"featured_media":0,"parent":0,"menu_order":0,"comment_status":"closed","ping_status":"closed","template":"","meta":{"footnotes":""},"class_list":["post-10721","page","type-page","status-publish","hentry"],"yoast_head":"<!-- This site is optimized with the Yoast SEO plugin v27.3 - https:\/\/yoast.com\/product\/yoast-seo-wordpress\/ -->\n<title>GreenMedSoft: Your Partner for Innovative Software Solutions<\/title>\n<meta name=\"description\" content=\"Discover GreenMedSoft&#039;s comprehensive software solutions designed to address your business needs. Partner with us to unlock innovation and drive growth\" \/>\n<meta name=\"robots\" content=\"index, follow, max-snippet:-1, max-image-preview:large, max-video-preview:-1\" \/>\n<link rel=\"canonical\" href=\"https:\/\/greenmedsoft.com\/fr\/greenmedsoft\/\" \/>\n<meta property=\"og:locale\" content=\"fr_FR\" \/>\n<meta property=\"og:type\" content=\"article\" \/>\n<meta property=\"og:title\" content=\"GreenMedSoft: Your Partner for Innovative Software Solutions\" \/>\n<meta property=\"og:description\" content=\"Discover GreenMedSoft&#039;s comprehensive software solutions designed to address your business needs. Partner with us to unlock innovation and drive growth\" \/>\n<meta property=\"og:url\" content=\"https:\/\/greenmedsoft.com\/fr\/greenmedsoft\/\" \/>\n<meta property=\"og:site_name\" content=\"Green Medical Software Solutions\" \/>\n<meta property=\"article:modified_time\" content=\"2024-04-23T06:14:45+00:00\" \/>\n<meta property=\"og:image\" content=\"https:\/\/greenmedsoft.com\/wp-content\/uploads\/2024\/01\/GMS_Logo_SVG.png\" \/>\n<meta name=\"twitter:card\" content=\"summary_large_image\" \/>\n<meta name=\"twitter:label1\" content=\"Dur\u00e9e de lecture estim\u00e9e\" \/>\n\t<meta name=\"twitter:data1\" content=\"1 minute\" \/>\n<script type=\"application\/ld+json\" class=\"yoast-schema-graph\">{\"@context\":\"https:\\\/\\\/schema.org\",\"@graph\":[{\"@type\":\"WebPage\",\"@id\":\"https:\\\/\\\/greenmedsoft.com\\\/greenmedsoft\\\/\",\"url\":\"https:\\\/\\\/greenmedsoft.com\\\/greenmedsoft\\\/\",\"name\":\"GreenMedSoft: Your Partner for Innovative Software Solutions\",\"isPartOf\":{\"@id\":\"https:\\\/\\\/greenmedsoft.com\\\/#website\"},\"primaryImageOfPage\":{\"@id\":\"https:\\\/\\\/greenmedsoft.com\\\/greenmedsoft\\\/#primaryimage\"},\"image\":{\"@id\":\"https:\\\/\\\/greenmedsoft.com\\\/greenmedsoft\\\/#primaryimage\"},\"thumbnailUrl\":\"https:\\\/\\\/greenmedsoft.com\\\/wp-content\\\/uploads\\\/2024\\\/01\\\/GMS_Logo_SVG.png\",\"datePublished\":\"2024-01-17T11:13:55+00:00\",\"dateModified\":\"2024-04-23T06:14:45+00:00\",\"description\":\"Discover GreenMedSoft's comprehensive software solutions designed to address your business needs. Partner with us to unlock innovation and drive growth\",\"breadcrumb\":{\"@id\":\"https:\\\/\\\/greenmedsoft.com\\\/greenmedsoft\\\/#breadcrumb\"},\"inLanguage\":\"fr-FR\",\"potentialAction\":[{\"@type\":\"ReadAction\",\"target\":[\"https:\\\/\\\/greenmedsoft.com\\\/greenmedsoft\\\/\"]}]},{\"@type\":\"ImageObject\",\"inLanguage\":\"fr-FR\",\"@id\":\"https:\\\/\\\/greenmedsoft.com\\\/greenmedsoft\\\/#primaryimage\",\"url\":\"https:\\\/\\\/greenmedsoft.com\\\/wp-content\\\/uploads\\\/2024\\\/01\\\/GMS_Logo_SVG.png\",\"contentUrl\":\"https:\\\/\\\/greenmedsoft.com\\\/wp-content\\\/uploads\\\/2024\\\/01\\\/GMS_Logo_SVG.png\"},{\"@type\":\"BreadcrumbList\",\"@id\":\"https:\\\/\\\/greenmedsoft.com\\\/greenmedsoft\\\/#breadcrumb\",\"itemListElement\":[{\"@type\":\"ListItem\",\"position\":1,\"name\":\"Home\",\"item\":\"https:\\\/\\\/greenmedsoft.com\\\/fr\\\/\"},{\"@type\":\"ListItem\",\"position\":2,\"name\":\"GreenMedSoft\"}]},{\"@type\":\"WebSite\",\"@id\":\"https:\\\/\\\/greenmedsoft.com\\\/#website\",\"url\":\"https:\\\/\\\/greenmedsoft.com\\\/\",\"name\":\"Green Medical Software Solutions\",\"description\":\"\",\"publisher\":{\"@id\":\"https:\\\/\\\/greenmedsoft.com\\\/#organization\"},\"potentialAction\":[{\"@type\":\"SearchAction\",\"target\":{\"@type\":\"EntryPoint\",\"urlTemplate\":\"https:\\\/\\\/greenmedsoft.com\\\/?s={search_term_string}\"},\"query-input\":{\"@type\":\"PropertyValueSpecification\",\"valueRequired\":true,\"valueName\":\"search_term_string\"}}],\"inLanguage\":\"fr-FR\"},{\"@type\":\"Organization\",\"@id\":\"https:\\\/\\\/greenmedsoft.com\\\/#organization\",\"name\":\"Green Medical Software Solutions\",\"url\":\"https:\\\/\\\/greenmedsoft.com\\\/\",\"logo\":{\"@type\":\"ImageObject\",\"inLanguage\":\"fr-FR\",\"@id\":\"https:\\\/\\\/greenmedsoft.com\\\/#\\\/schema\\\/logo\\\/image\\\/\",\"url\":\"https:\\\/\\\/greenmedsoft.com\\\/wp-content\\\/uploads\\\/2024\\\/01\\\/GMS_Logo_SVG.png\",\"contentUrl\":\"https:\\\/\\\/greenmedsoft.com\\\/wp-content\\\/uploads\\\/2024\\\/01\\\/GMS_Logo_SVG.png\",\"width\":1624,\"height\":490,\"caption\":\"Green Medical Software Solutions\"},\"image\":{\"@id\":\"https:\\\/\\\/greenmedsoft.com\\\/#\\\/schema\\\/logo\\\/image\\\/\"}}]}<\/script>\n<!-- \/ Yoast SEO plugin. -->","yoast_head_json":{"title":"GreenMedSoft: Your Partner for Innovative Software Solutions","description":"Discover GreenMedSoft's comprehensive software solutions designed to address your business needs. Partner with us to unlock innovation and drive growth","robots":{"index":"index","follow":"follow","max-snippet":"max-snippet:-1","max-image-preview":"max-image-preview:large","max-video-preview":"max-video-preview:-1"},"canonical":"https:\/\/greenmedsoft.com\/fr\/greenmedsoft\/","og_locale":"fr_FR","og_type":"article","og_title":"GreenMedSoft: Your Partner for Innovative Software Solutions","og_description":"Discover GreenMedSoft's comprehensive software solutions designed to address your business needs. Partner with us to unlock innovation and drive growth","og_url":"https:\/\/greenmedsoft.com\/fr\/greenmedsoft\/","og_site_name":"Green Medical Software Solutions","article_modified_time":"2024-04-23T06:14:45+00:00","og_image":[{"url":"https:\/\/greenmedsoft.com\/wp-content\/uploads\/2024\/01\/GMS_Logo_SVG.png","type":"","width":"","height":""}],"twitter_card":"summary_large_image","twitter_misc":{"Dur\u00e9e de lecture estim\u00e9e":"1 minute"},"schema":{"@context":"https:\/\/schema.org","@graph":[{"@type":"WebPage","@id":"https:\/\/greenmedsoft.com\/greenmedsoft\/","url":"https:\/\/greenmedsoft.com\/greenmedsoft\/","name":"GreenMedSoft: Your Partner for Innovative Software Solutions","isPartOf":{"@id":"https:\/\/greenmedsoft.com\/#website"},"primaryImageOfPage":{"@id":"https:\/\/greenmedsoft.com\/greenmedsoft\/#primaryimage"},"image":{"@id":"https:\/\/greenmedsoft.com\/greenmedsoft\/#primaryimage"},"thumbnailUrl":"https:\/\/greenmedsoft.com\/wp-content\/uploads\/2024\/01\/GMS_Logo_SVG.png","datePublished":"2024-01-17T11:13:55+00:00","dateModified":"2024-04-23T06:14:45+00:00","description":"Discover GreenMedSoft's comprehensive software solutions designed to address your business needs. Partner with us to unlock innovation and drive growth","breadcrumb":{"@id":"https:\/\/greenmedsoft.com\/greenmedsoft\/#breadcrumb"},"inLanguage":"fr-FR","potentialAction":[{"@type":"ReadAction","target":["https:\/\/greenmedsoft.com\/greenmedsoft\/"]}]},{"@type":"ImageObject","inLanguage":"fr-FR","@id":"https:\/\/greenmedsoft.com\/greenmedsoft\/#primaryimage","url":"https:\/\/greenmedsoft.com\/wp-content\/uploads\/2024\/01\/GMS_Logo_SVG.png","contentUrl":"https:\/\/greenmedsoft.com\/wp-content\/uploads\/2024\/01\/GMS_Logo_SVG.png"},{"@type":"BreadcrumbList","@id":"https:\/\/greenmedsoft.com\/greenmedsoft\/#breadcrumb","itemListElement":[{"@type":"ListItem","position":1,"name":"Home","item":"https:\/\/greenmedsoft.com\/fr\/"},{"@type":"ListItem","position":2,"name":"GreenMedSoft"}]},{"@type":"WebSite","@id":"https:\/\/greenmedsoft.com\/#website","url":"https:\/\/greenmedsoft.com\/","name":"Green Medical Software Solutions","description":"","publisher":{"@id":"https:\/\/greenmedsoft.com\/#organization"},"potentialAction":[{"@type":"SearchAction","target":{"@type":"EntryPoint","urlTemplate":"https:\/\/greenmedsoft.com\/?s={search_term_string}"},"query-input":{"@type":"PropertyValueSpecification","valueRequired":true,"valueName":"search_term_string"}}],"inLanguage":"fr-FR"},{"@type":"Organization","@id":"https:\/\/greenmedsoft.com\/#organization","name":"Green Medical Software Solutions","url":"https:\/\/greenmedsoft.com\/","logo":{"@type":"ImageObject","inLanguage":"fr-FR","@id":"https:\/\/greenmedsoft.com\/#\/schema\/logo\/image\/","url":"https:\/\/greenmedsoft.com\/wp-content\/uploads\/2024\/01\/GMS_Logo_SVG.png","contentUrl":"https:\/\/greenmedsoft.com\/wp-content\/uploads\/2024\/01\/GMS_Logo_SVG.png","width":1624,"height":490,"caption":"Green Medical Software Solutions"},"image":{"@id":"https:\/\/greenmedsoft.com\/#\/schema\/logo\/image\/"}}]}},"brizy_media":[],"_links":{"self":[{"href":"https:\/\/greenmedsoft.com\/fr\/wp-json\/wp\/v2\/pages\/10721","targetHints":{"allow":["GET"]}}],"collection":[{"href":"https:\/\/greenmedsoft.com\/fr\/wp-json\/wp\/v2\/pages"}],"about":[{"href":"https:\/\/greenmedsoft.com\/fr\/wp-json\/wp\/v2\/types\/page"}],"author":[{"embeddable":true,"href":"https:\/\/greenmedsoft.com\/fr\/wp-json\/wp\/v2\/users\/1"}],"replies":[{"embeddable":true,"href":"https:\/\/greenmedsoft.com\/fr\/wp-json\/wp\/v2\/comments?post=10721"}],"version-history":[{"count":25,"href":"https:\/\/greenmedsoft.com\/fr\/wp-json\/wp\/v2\/pages\/10721\/revisions"}],"predecessor-version":[{"id":14772,"href":"https:\/\/greenmedsoft.com\/fr\/wp-json\/wp\/v2\/pages\/10721\/revisions\/14772"}],"wp:attachment":[{"href":"https:\/\/greenmedsoft.com\/fr\/wp-json\/wp\/v2\/media?parent=10721"}],"curies":[{"name":"wp","href":"https:\/\/api.w.org\/{rel}","templated":true}]}}