{"id":11549,"date":"2024-01-21T14:30:35","date_gmt":"2024-01-21T14:30:35","guid":{"rendered":"https:\/\/sptechnophiles.com\/gms\/?page_id=11549"},"modified":"2025-04-11T06:37:28","modified_gmt":"2025-04-11T06:37:28","slug":"our-team","status":"publish","type":"page","link":"https:\/\/greenmedsoft.com\/fr\/our-team\/","title":{"rendered":"Notre \u00e9quipe"},"content":{"rendered":"<div data-elementor-type=\"wp-page\" data-elementor-id=\"11549\" class=\"elementor elementor-11549\">\n\t\t\t\t\t\t<section class=\"has_ae_slider elementor-section elementor-top-section elementor-element elementor-element-5fefbd8 elementor-section-boxed elementor-section-height-default elementor-section-height-default ae-bg-gallery-type-default\" data-id=\"5fefbd8\" data-element_type=\"section\" data-e-type=\"section\" data-settings=\"{&quot;background_background&quot;:&quot;classic&quot;}\">\n\t\t\t\t\t\t<div class=\"elementor-container elementor-column-gap-default\">\n\t\t\t\t\t<div class=\"has_ae_slider elementor-column elementor-col-100 elementor-top-column elementor-element elementor-element-22f56a76 ae-bg-gallery-type-default\" data-id=\"22f56a76\" data-element_type=\"column\" data-e-type=\"column\">\n\t\t\t<div class=\"elementor-widget-wrap elementor-element-populated\">\n\t\t\t\t\t\t<div class=\"elementor-element elementor-element-4320f454 elementor-invisible elementor-widget elementor-widget-html\" data-id=\"4320f454\" data-element_type=\"widget\" data-e-type=\"widget\" data-settings=\"{&quot;_animation&quot;:&quot;fadeInUp&quot;}\" data-widget_type=\"html.default\">\n\t\t\t\t<div class=\"elementor-widget-container\">\n\t\t\t\t\t<h1 class=\"font-medium text-center\"><span class=\"text-white\">Notre \u00e9quipe\t<\/span><\/h1>\t\t\t\t<\/div>\n\t\t\t\t<\/div>\n\t\t\t\t\t<\/div>\n\t\t<\/div>\n\t\t\t\t\t<\/div>\n\t\t<\/section>\n\t\t\t\t<section class=\"has_ae_slider elementor-section elementor-top-section elementor-element elementor-element-7ccce83c elementor-section-boxed elementor-section-height-default elementor-section-height-default ae-bg-gallery-type-default\" data-id=\"7ccce83c\" data-element_type=\"section\" data-e-type=\"section\" data-settings=\"{&quot;background_background&quot;:&quot;classic&quot;}\">\n\t\t\t\t\t\t<div class=\"elementor-container elementor-column-gap-default\">\n\t\t\t\t\t<div class=\"has_ae_slider elementor-column elementor-col-100 elementor-top-column elementor-element elementor-element-d6da803 ae-bg-gallery-type-default\" data-id=\"d6da803\" data-element_type=\"column\" data-e-type=\"column\" data-settings=\"{&quot;background_background&quot;:&quot;classic&quot;}\">\n\t\t\t<div class=\"elementor-widget-wrap elementor-element-populated\">\n\t\t\t\t\t\t<div class=\"elementor-element elementor-element-2f5faa9f elementor-invisible elementor-widget elementor-widget-html\" data-id=\"2f5faa9f\" data-element_type=\"widget\" data-e-type=\"widget\" data-settings=\"{&quot;_animation&quot;:&quot;fadeInUp&quot;}\" data-widget_type=\"html.default\">\n\t\t\t\t<div class=\"elementor-widget-container\">\n\t\t\t\t\t<h1 class=\"font-medium mb-2 text-center mb-5\">\n    \n \n \n Rencontrez notre \u00e9quipe\n  \n <\/h1>\n<p class=\"text-black mb-5 text-base text-center\" >\n    \n \nNotre \u00e9quipe regroupe des leaders technologiques aguerris, chacun dot\u00e9 d\u2019une vaste exp\u00e9rience et d\u2019une expertise exceptionnelle pour stimuler l\u2019innovation et la r\u00e9ussite. Forts d\u2019un bagage diversifi\u00e9 couvrant diff\u00e9rents domaines, nous nous engageons \u00e0 fa\u00e7onner l\u2019avenir de la technologie et \u00e0 exceller dans chaque facette de notre travail. \n\n<\/p>\t\t\t\t<\/div>\n\t\t\t\t<\/div>\n\t\t\t\t\t<\/div>\n\t\t<\/div>\n\t\t\t\t\t<\/div>\n\t\t<\/section>\n\t\t\t\t<section class=\"has_ae_slider elementor-section elementor-top-section elementor-element elementor-element-1423efa elementor-section-boxed elementor-section-height-default elementor-section-height-default ae-bg-gallery-type-default\" data-id=\"1423efa\" data-element_type=\"section\" data-e-type=\"section\" data-settings=\"{&quot;background_background&quot;:&quot;classic&quot;}\">\n\t\t\t\t\t\t<div class=\"elementor-container elementor-column-gap-default\">\n\t\t\t\t\t<div class=\"has_ae_slider elementor-column elementor-col-100 elementor-top-column elementor-element elementor-element-ba6a373 ae-bg-gallery-type-default\" data-id=\"ba6a373\" data-element_type=\"column\" data-e-type=\"column\">\n\t\t\t<div class=\"elementor-widget-wrap elementor-element-populated\">\n\t\t\t\t\t\t<section class=\"has_ae_slider elementor-section elementor-inner-section elementor-element elementor-element-9144b73 elementor-section-boxed elementor-section-height-default elementor-section-height-default ae-bg-gallery-type-default\" data-id=\"9144b73\" data-element_type=\"section\" data-e-type=\"section\">\n\t\t\t\t\t\t<div class=\"elementor-container elementor-column-gap-default\">\n\t\t\t\t\t<div class=\"has_ae_slider elementor-column elementor-col-25 elementor-inner-column elementor-element elementor-element-811c02a ae-bg-gallery-type-default\" data-id=\"811c02a\" data-element_type=\"column\" data-e-type=\"column\">\n\t\t\t<div class=\"elementor-widget-wrap elementor-element-populated\">\n\t\t\t\t\t\t<div class=\"elementor-element elementor-element-02a9afd elementor-invisible elementor-widget elementor-widget-html\" data-id=\"02a9afd\" data-element_type=\"widget\" data-e-type=\"widget\" data-settings=\"{&quot;_animation&quot;:&quot;fadeInUp&quot;,&quot;_animation_delay&quot;:1000}\" data-widget_type=\"html.default\">\n\t\t\t\t<div class=\"elementor-widget-container\">\n\t\t\t\t\t<div class=\"team-card1 en-hidden\">\r\n    <div class=\"team-image\">\r\n        <img decoding=\"async\" src=\" https:\/\/greenmedsoft.com\/wp-content\/uploads\/2024\/01\/venkat-3ivhatm4vajb40fy2bj18q.jpg\"\/>\r\n    <\/div>\r\n    <div class=\"team-info\">\r\n        <h3>Venkatesh Tulluri<\/h3>\r\n        <p class=\"text-sm text-secondary mb-4\">\r\n            \r\n             \r\n            Leader chevronn\u00e9 dans le domaine des affaires internationales depuis trois d\u00e9cennies, Venkatesh est un entrepreneur qualifi\u00e9 en g\u00e9nie m\u00e9canique qui excelle dans le soutien aux PME en Europe. Il a initi\u00e9 et g\u00e9r\u00e9 avec succ\u00e8s plusieurs entreprises prosp\u00e8res, favorisant une croissance collaborative. \r\n<\/p>\r\n<div class=\"bottom-list\">\r\n<p class=\"text-sm text-secondary mb-2\">\r\n    \r\n      \r\n     <strong> Postes: <\/strong>\r\n     \r\n    <span class=\"text-primary\">\r\n        \r\n         \r\n        <strong> Co-fondateur, Directeur<\/strong>\r\n     \r\n        <\/span> <\/p>\r\n<a href=\" https:\/\/www.linkedin.com\/in\/tulluri\/\" target=\"_blank\">\r\n    <img decoding=\"async\" src=\" https:\/\/greenmedsoft.com\/wp-content\/uploads\/2024\/01\/venkat-3ivhatm4vajb40fy2bj18q.jpg\"\/>\r\n<\/a>\r\n<\/div>\r\n    <\/div>\r\n<\/div>\r\n\r\n\r\n\r\n\r\n<div class=\"team-card1 fr-hidden\">\r\n    <div class=\"team-image\">\r\n        <img decoding=\"async\" src=\" https:\/\/greenmedsoft.com\/wp-content\/uploads\/2024\/01\/venkat-3ivhatm4vajb40fy2bj18q.jpg\"\/>\r\n    <\/div>\r\n    <div class=\"team-info\">\r\n        <h3> Venkatesh Tulluri<\/h3>\r\n        <p class=\"text-sm text-secondary mb-4\"> An experienced entrepreneur with over three decades of experience in International Business growing, developing and creating value to SMEs in Europe. A Mechanical Engineer by qualification and an entrepreneur who started multiple businesses and has successfully managed them. A collaborator, truly believes in growing together.<\/p>\r\n<div class=\"bottom-list\">\r\n<p class=\"text-sm text-secondary mb-2\"> <strong>Positions: <\/strong><span class=\"text-primary\"> Founder, Managing Director<\/span><\/p>\r\n<a href=\" https:\/\/www.linkedin.com\/in\/tulluri\/\" target=\"_blank\">\r\n    <img decoding=\"async\" src=\" https:\/\/greenmedsoft.com\/wp-content\/uploads\/2024\/01\/venkat-3ivhatm4vajb40fy2bj18q.jpg\"\/>\r\n<\/a>\r\n<\/div>\r\n    <\/div>\r\n<\/div>\r\n\t\t\t\t<\/div>\n\t\t\t\t<\/div>\n\t\t\t\t\t<\/div>\n\t\t<\/div>\n\t\t\t\t<div class=\"has_ae_slider elementor-column elementor-col-25 elementor-inner-column elementor-element elementor-element-68b5874 ae-bg-gallery-type-default\" data-id=\"68b5874\" data-element_type=\"column\" data-e-type=\"column\">\n\t\t\t<div class=\"elementor-widget-wrap elementor-element-populated\">\n\t\t\t\t\t\t<div class=\"elementor-element elementor-element-7beed96 elementor-invisible elementor-widget elementor-widget-html\" data-id=\"7beed96\" data-element_type=\"widget\" data-e-type=\"widget\" data-settings=\"{&quot;_animation&quot;:&quot;fadeInUp&quot;,&quot;_animation_delay&quot;:1250}\" data-widget_type=\"html.default\">\n\t\t\t\t<div class=\"elementor-widget-container\">\n\t\t\t\t\t<div class=\"team-card1 en-hidden\">\r\n    <div class=\"team-image\">\r\n        <img decoding=\"async\" src=\"https:\/\/GreenMedSoft.com\/wp-content\/uploads\/2024\/01\/ram-38d852cqsk5pvqbbkvfa4q.png\"\/>\r\n    <\/div>\r\n    <div class=\"team-info\">\r\n        <h3>Ram Tulluri<\/h3>\r\n        <p class=\"text-sm text-secondary mb-4\">\r\n            \r\n             \r\n            Ram excelle depuis plus de 25 ans dans le domaine de l\u2019informatique, fort d\u2019un partenariat fructueux dans l\u2019industrie financi\u00e8re avec plusieurs \u2018g\u00e9ants\u2019 class\u00e9s au Fortune 500.\r\nIl se distingue par sa ma\u00eetrise de la gestion technique et du d\u00e9veloppement de logiciels. \r\n<\/p>\r\n<div class=\"bottom-list\">\r\n<p class=\"text-sm text-secondary mb-2\">\r\n    \r\n      \r\n     <strong> Postes: <\/strong>\r\n     \r\n    <span class=\"text-primary\">\r\n        \r\n         \r\n        <strong> PDG et co-fondateur<\/strong>\r\n     \r\n        <\/span> <\/p>\r\n<a href=\" https:\/\/www.linkedin.com\/in\/ram-tulluri-907828b\/\" target=\"_blank\">\r\n    <img decoding=\"async\" src=\"https:\/\/greenmedsoft.com\/wp-content\/uploads\/2024\/01\/ram-38d852cqsk5pvqbbkvfa4q.png\"\/>\r\n<\/a>\r\n<\/div>\r\n    <\/div>\r\n<\/div>\r\n\r\n\r\n\r\n\r\n<div class=\"team-card1 fr-hidden\">\r\n    <div class=\"team-image\">\r\n        <img decoding=\"async\" src=\"https:\/\/greenmedsoft.com\/wp-content\/uploads\/2024\/01\/ram-38d852cqsk5pvqbbkvfa4q.png\"\/>\r\n    <\/div>\r\n    <div class=\"team-info\">\r\n        <h3> Ram Tulluri<\/h3>\r\n        <p class=\"text-sm text-secondary mb-4\"> Founder and CEO of Shris Infotech Services, Pvt., Ltd., India, Ram has ~ 25 years of experience in the IT industry involving technical management and software development. With vast experience in the financial industry, he has worked with various Fortune 500 companies such as S&P, Golman Sachs, Lucent, AT&T, and AIG. Prior to co-founding GreenMedSoft, he worked as a Vice-President at Goldman Sachs as a Technical Architect in the Compliance division.<\/p>\r\n<div class=\"bottom-list\">\r\n<p class=\"text-sm text-secondary mb-2\"> <strong>Positions: <\/strong><span class=\"text-primary\">CEO, Co-founder<\/span><\/p>\r\n<a href=\" https:\/\/www.linkedin.com\/in\/ram-tulluri-907828b\/\" target=\"_blank\">\r\n    <img decoding=\"async\" src=\"https:\/\/greenmedsoft.com\/wp-content\/uploads\/2024\/01\/ram-38d852cqsk5pvqbbkvfa4q.png\"\/>\r\n<\/a>\r\n<\/div>\r\n    <\/div>\r\n<\/div>\r\n\t\t\t\t<\/div>\n\t\t\t\t<\/div>\n\t\t\t\t\t<\/div>\n\t\t<\/div>\n\t\t\t\t<div class=\"has_ae_slider elementor-column elementor-col-25 elementor-inner-column elementor-element elementor-element-0c5afa9 ae-bg-gallery-type-default\" data-id=\"0c5afa9\" data-element_type=\"column\" data-e-type=\"column\">\n\t\t\t<div class=\"elementor-widget-wrap elementor-element-populated\">\n\t\t\t\t\t\t<div class=\"elementor-element elementor-element-2ddd7a5 elementor-invisible elementor-widget elementor-widget-html\" data-id=\"2ddd7a5\" data-element_type=\"widget\" data-e-type=\"widget\" data-settings=\"{&quot;_animation&quot;:&quot;fadeInUp&quot;,&quot;_animation_delay&quot;:1500}\" data-widget_type=\"html.default\">\n\t\t\t\t<div class=\"elementor-widget-container\">\n\t\t\t\t\t<div class=\"team-card1 en-hidden\">\r\n    <div class=\"team-image\">\r\n        <img decoding=\"async\" src=\"https:\/\/greenmedsoft.com\/wp-content\/uploads\/2024\/01\/jagan-389po5wf0zs41i9k4qeccq.jpg\"\/>\r\n    <\/div>\r\n    <div class=\"team-info\">\r\n        <h3>Jagannadh Vanguri<\/h3>\r\n        <p class=\"text-sm text-secondary mb-4\">\r\n            \r\n             \r\n            Jagannadh, cadre technologique chevronn\u00e9 avec deux d\u00e9cennies d'expertise, excelle dans la cr\u00e9ation d'applications logicielles complexes. Passionn\u00e9 par les technologies de l'information, en particulier par la conception d'interactions, il d\u00e9veloppe ses comp\u00e9tences en mati\u00e8re de leadership par le biais du\r\n            \r\n<\/p>\r\n<div class=\"bottom-list\">\r\n<p class=\"text-sm text-secondary mb-2\">\r\n    \r\n      \r\n     <strong> Postes : <\/strong>\r\n     \r\n    <span class=\"text-primary\">\r\n        \r\n         \r\n        <strong>CTO<\/strong>\r\n     \r\n        <\/span> <\/p>\r\n<a href=\" https:\/\/www.linkedin.com\/in\/jagannadhv\/\" target=\"_blank\">\r\n    <img decoding=\"async\" src=\"https:\/\/greenmedsoft.com\/wp-content\/uploads\/2024\/01\/jagan-389po5wf0zs41i9k4qeccq.jpg\"\/>\r\n<\/a>\r\n<\/div>\r\n    <\/div>\r\n<\/div>\r\n\r\n\r\n\r\n\r\n<div class=\"team-card1 fr-hidden\">\r\n    <div class=\"team-image\">\r\n        <img decoding=\"async\" src=\"https:\/\/greenmedsoft.com\/wp-content\/uploads\/2024\/01\/jagan-389po5wf0zs41i9k4qeccq.jpg \"\/>\r\n    <\/div>\r\n    <div class=\"team-info\">\r\n        <h3>Jagannadh Vanguri<\/h3>\r\n        <p class=\"text-sm text-secondary mb-4\"> Jagannadh is a highly accomplished, innovative and results-oriented Technology Executive with two decades of experience in building complex software applications. He is a passionate IT professional who loves to make products with great interest for Under Interaction design. Considers playing a sport as a means for nurturing leadership skills.\r\n<\/p>\r\n<div class=\"bottom-list\">\r\n<p class=\"text-sm text-secondary mb-2\"> <strong>Positions: <\/strong><span class=\"text-primary\">CTO<\/span><\/p>\r\n<a href=\"https:\/\/www.linkedin.com\/in\/jagannadhv\/\" target=\"_blank\">\r\n    <img decoding=\"async\" src=\"https:\/\/greenmedsoft.com\/wp-content\/uploads\/2024\/01\/jagan-389po5wf0zs41i9k4qeccq.jpg\"\/>\r\n<\/a>\r\n<\/div>\r\n    <\/div>\r\n<\/div>\t\t\t\t<\/div>\n\t\t\t\t<\/div>\n\t\t\t\t\t<\/div>\n\t\t<\/div>\n\t\t\t\t<div class=\"has_ae_slider elementor-column elementor-col-25 elementor-inner-column elementor-element elementor-element-f826320 ae-bg-gallery-type-default\" data-id=\"f826320\" data-element_type=\"column\" data-e-type=\"column\">\n\t\t\t<div class=\"elementor-widget-wrap elementor-element-populated\">\n\t\t\t\t\t\t<div class=\"elementor-element elementor-element-b3f1267 elementor-widget elementor-widget-html\" data-id=\"b3f1267\" data-element_type=\"widget\" data-e-type=\"widget\" data-widget_type=\"html.default\">\n\t\t\t\t<div class=\"elementor-widget-container\">\n\t\t\t\t\t<div class=\"team-card1 en-hidden\">\r\n    <div class=\"team-image\">\r\n        <img decoding=\"async\" src=\"https:\/\/greenmedsoft.com\/wp-content\/uploads\/2024\/03\/nacera.jpg\"\/>\r\n    <\/div>\r\n    <div class=\"team-info\">\r\n        <h3>Nac\u00e9ra ZEDAN<\/h3>\r\n        <p class=\"text-sm text-secondary mb-4\">\r\n            \r\n             \r\n            Dipl\u00f4m\u00e9e de Grandes \u00c9coles (ESSEC, \u00c9cole d\u2019Architecture de Strasbourg) et de l'Universit\u00e9 de Strasbourg, elle cumule plusieurs d\u00e9cennies d\u2019exp\u00e9rience en management transversal, d\u00e9veloppement des territoires. Elle est sp\u00e9cialis\u00e9e dans la direction de projets innovants, la transformation num\u00e9rique et la blockchain. \r\n\r\n<\/p>\r\n<div class=\"bottom-list\">\r\n<p class=\"text-sm text-secondary mb-2\">\r\n    \r\n      \r\n     <strong> Postes: <\/strong>\r\n     \r\n    <span class=\"text-primary\">\r\n        \r\n         \r\n        <strong> Marketing Manager <\/strong>\r\n     \r\n        <\/span> <\/p>\r\n<a href=\" https:\/\/www.linkedin.com\/in\/nac%C3%A9ra-safidine-zedan\/ \" target=\"_blank\">\r\n    <img decoding=\"async\" src=\"https:\/\/greenmedsoft.com\/wp-content\/uploads\/2024\/03\/nacera.jpg\"\/>\r\n<\/a>\r\n<\/div>\r\n    <\/div>\r\n<\/div>\r\n\r\n\r\n\r\n\r\n<div class=\"team-card1 fr-hidden\">\r\n    <div class=\"team-image\">\r\n        <img decoding=\"async\" src=\"https:\/\/greenmedsoft.com\/wp-content\/uploads\/2024\/03\/nacera.jpg \"\/>\r\n    <\/div>\r\n    <div class=\"team-info\">\r\n        <h3> Nac\u00e9ra ZEDAN<\/h3>\r\n        <p class=\"text-sm text-secondary mb-4\"> A graduate of Strasbourg School of Architecture and the University of Strasbourg, she brings several decades of experience in cross-functional management and territorial development. She specializes in leading innovative projects, digital transformation, and blockchain implementation.\r\n<\/p>\r\n<div class=\"bottom-list\">\r\n<p class=\"text-sm text-secondary mb-2\"> <strong>Positions: <\/strong><span class=\"text-primary\">Marketing Manager<\/span><\/p>\r\n<a href=\" https:\/\/www.linkedin.com\/in\/nac%C3%A9ra-safidine-zedan\/\" target=\"_blank\">\r\n    <img decoding=\"async\" src=\"https:\/\/greenmedsoft.com\/wp-content\/uploads\/2024\/03\/nacera.jpg\"\/>\r\n<\/a>\r\n<\/div>\r\n    <\/div>\r\n<\/div>\r\n\t\t\t\t<\/div>\n\t\t\t\t<\/div>\n\t\t\t\t\t<\/div>\n\t\t<\/div>\n\t\t\t\t\t<\/div>\n\t\t<\/section>\n\t\t\t\t\t<\/div>\n\t\t<\/div>\n\t\t\t\t\t<\/div>\n\t\t<\/section>\n\t\t\t\t<\/div>","protected":false},"excerpt":{"rendered":"<p>Our Team Venkatesh Tulluri Venkatesh Tulluri An experienced entrepreneur with over three decades of experience in International Business growing, developing and creating value to SMEs in Europe. A Mechanical Engineer by qualification and an entrepreneur who started multiple businesses and has successfully managed them. A collaborator, truly believes in growing together. Positions: Founder, Managing Director [&hellip;]<\/p>\n","protected":false},"author":1,"featured_media":0,"parent":0,"menu_order":0,"comment_status":"closed","ping_status":"closed","template":"","meta":{"footnotes":""},"class_list":["post-11549","page","type-page","status-publish","hentry"],"yoast_head":"<!-- This site is optimized with the Yoast SEO plugin v27.3 - https:\/\/yoast.com\/product\/yoast-seo-wordpress\/ -->\n<title>Our Team - Green Medical Software Solutions<\/title>\n<meta name=\"robots\" content=\"index, follow, max-snippet:-1, max-image-preview:large, max-video-preview:-1\" \/>\n<link rel=\"canonical\" href=\"https:\/\/greenmedsoft.com\/fr\/our-team\/\" \/>\n<meta property=\"og:locale\" content=\"fr_FR\" \/>\n<meta property=\"og:type\" content=\"article\" \/>\n<meta property=\"og:title\" content=\"Our Team - Green Medical Software Solutions\" \/>\n<meta property=\"og:description\" content=\"Our Team Venkatesh Tulluri Venkatesh Tulluri An experienced entrepreneur with over three decades of experience in International Business growing, developing and creating value to SMEs in Europe. A Mechanical Engineer by qualification and an entrepreneur who started multiple businesses and has successfully managed them. A collaborator, truly believes in growing together. Positions: Founder, Managing Director [&hellip;]\" \/>\n<meta property=\"og:url\" content=\"https:\/\/greenmedsoft.com\/fr\/our-team\/\" \/>\n<meta property=\"og:site_name\" content=\"Green Medical Software Solutions\" \/>\n<meta property=\"article:modified_time\" content=\"2025-04-11T06:37:28+00:00\" \/>\n<meta property=\"og:image\" content=\"https:\/\/GreenMedSoft.com\/wp-content\/uploads\/2024\/01\/ram-38d852cqsk5pvqbbkvfa4q.png\" \/>\n<meta name=\"twitter:card\" content=\"summary_large_image\" \/>\n<meta name=\"twitter:label1\" content=\"Dur\u00e9e de lecture estim\u00e9e\" \/>\n\t<meta name=\"twitter:data1\" content=\"7 minutes\" \/>\n<script type=\"application\/ld+json\" class=\"yoast-schema-graph\">{\"@context\":\"https:\\\/\\\/schema.org\",\"@graph\":[{\"@type\":\"WebPage\",\"@id\":\"https:\\\/\\\/greenmedsoft.com\\\/our-team\\\/\",\"url\":\"https:\\\/\\\/greenmedsoft.com\\\/our-team\\\/\",\"name\":\"Our Team - Green Medical Software Solutions\",\"isPartOf\":{\"@id\":\"https:\\\/\\\/greenmedsoft.com\\\/#website\"},\"primaryImageOfPage\":{\"@id\":\"https:\\\/\\\/greenmedsoft.com\\\/our-team\\\/#primaryimage\"},\"image\":{\"@id\":\"https:\\\/\\\/greenmedsoft.com\\\/our-team\\\/#primaryimage\"},\"thumbnailUrl\":\"https:\\\/\\\/GreenMedSoft.com\\\/wp-content\\\/uploads\\\/2024\\\/01\\\/ram-38d852cqsk5pvqbbkvfa4q.png\",\"datePublished\":\"2024-01-21T14:30:35+00:00\",\"dateModified\":\"2025-04-11T06:37:28+00:00\",\"breadcrumb\":{\"@id\":\"https:\\\/\\\/greenmedsoft.com\\\/our-team\\\/#breadcrumb\"},\"inLanguage\":\"fr-FR\",\"potentialAction\":[{\"@type\":\"ReadAction\",\"target\":[\"https:\\\/\\\/greenmedsoft.com\\\/our-team\\\/\"]}]},{\"@type\":\"ImageObject\",\"inLanguage\":\"fr-FR\",\"@id\":\"https:\\\/\\\/greenmedsoft.com\\\/our-team\\\/#primaryimage\",\"url\":\"https:\\\/\\\/GreenMedSoft.com\\\/wp-content\\\/uploads\\\/2024\\\/01\\\/ram-38d852cqsk5pvqbbkvfa4q.png\",\"contentUrl\":\"https:\\\/\\\/GreenMedSoft.com\\\/wp-content\\\/uploads\\\/2024\\\/01\\\/ram-38d852cqsk5pvqbbkvfa4q.png\"},{\"@type\":\"BreadcrumbList\",\"@id\":\"https:\\\/\\\/greenmedsoft.com\\\/our-team\\\/#breadcrumb\",\"itemListElement\":[{\"@type\":\"ListItem\",\"position\":1,\"name\":\"Home\",\"item\":\"https:\\\/\\\/greenmedsoft.com\\\/fr\\\/\"},{\"@type\":\"ListItem\",\"position\":2,\"name\":\"Our Team\"}]},{\"@type\":\"WebSite\",\"@id\":\"https:\\\/\\\/greenmedsoft.com\\\/#website\",\"url\":\"https:\\\/\\\/greenmedsoft.com\\\/\",\"name\":\"Green Medical Software Solutions\",\"description\":\"\",\"publisher\":{\"@id\":\"https:\\\/\\\/greenmedsoft.com\\\/#organization\"},\"potentialAction\":[{\"@type\":\"SearchAction\",\"target\":{\"@type\":\"EntryPoint\",\"urlTemplate\":\"https:\\\/\\\/greenmedsoft.com\\\/?s={search_term_string}\"},\"query-input\":{\"@type\":\"PropertyValueSpecification\",\"valueRequired\":true,\"valueName\":\"search_term_string\"}}],\"inLanguage\":\"fr-FR\"},{\"@type\":\"Organization\",\"@id\":\"https:\\\/\\\/greenmedsoft.com\\\/#organization\",\"name\":\"Green Medical Software Solutions\",\"url\":\"https:\\\/\\\/greenmedsoft.com\\\/\",\"logo\":{\"@type\":\"ImageObject\",\"inLanguage\":\"fr-FR\",\"@id\":\"https:\\\/\\\/greenmedsoft.com\\\/#\\\/schema\\\/logo\\\/image\\\/\",\"url\":\"https:\\\/\\\/greenmedsoft.com\\\/wp-content\\\/uploads\\\/2024\\\/01\\\/GMS_Logo_SVG.png\",\"contentUrl\":\"https:\\\/\\\/greenmedsoft.com\\\/wp-content\\\/uploads\\\/2024\\\/01\\\/GMS_Logo_SVG.png\",\"width\":1624,\"height\":490,\"caption\":\"Green Medical Software Solutions\"},\"image\":{\"@id\":\"https:\\\/\\\/greenmedsoft.com\\\/#\\\/schema\\\/logo\\\/image\\\/\"}}]}<\/script>\n<!-- \/ Yoast SEO plugin. -->","yoast_head_json":{"title":"Our Team - Green Medical Software Solutions","robots":{"index":"index","follow":"follow","max-snippet":"max-snippet:-1","max-image-preview":"max-image-preview:large","max-video-preview":"max-video-preview:-1"},"canonical":"https:\/\/greenmedsoft.com\/fr\/our-team\/","og_locale":"fr_FR","og_type":"article","og_title":"Our Team - Green Medical Software Solutions","og_description":"Our Team Venkatesh Tulluri Venkatesh Tulluri An experienced entrepreneur with over three decades of experience in International Business growing, developing and creating value to SMEs in Europe. A Mechanical Engineer by qualification and an entrepreneur who started multiple businesses and has successfully managed them. A collaborator, truly believes in growing together. Positions: Founder, Managing Director [&hellip;]","og_url":"https:\/\/greenmedsoft.com\/fr\/our-team\/","og_site_name":"Green Medical Software Solutions","article_modified_time":"2025-04-11T06:37:28+00:00","og_image":[{"url":"https:\/\/GreenMedSoft.com\/wp-content\/uploads\/2024\/01\/ram-38d852cqsk5pvqbbkvfa4q.png","type":"","width":"","height":""}],"twitter_card":"summary_large_image","twitter_misc":{"Dur\u00e9e de lecture estim\u00e9e":"7 minutes"},"schema":{"@context":"https:\/\/schema.org","@graph":[{"@type":"WebPage","@id":"https:\/\/greenmedsoft.com\/our-team\/","url":"https:\/\/greenmedsoft.com\/our-team\/","name":"Our Team - Green Medical Software Solutions","isPartOf":{"@id":"https:\/\/greenmedsoft.com\/#website"},"primaryImageOfPage":{"@id":"https:\/\/greenmedsoft.com\/our-team\/#primaryimage"},"image":{"@id":"https:\/\/greenmedsoft.com\/our-team\/#primaryimage"},"thumbnailUrl":"https:\/\/GreenMedSoft.com\/wp-content\/uploads\/2024\/01\/ram-38d852cqsk5pvqbbkvfa4q.png","datePublished":"2024-01-21T14:30:35+00:00","dateModified":"2025-04-11T06:37:28+00:00","breadcrumb":{"@id":"https:\/\/greenmedsoft.com\/our-team\/#breadcrumb"},"inLanguage":"fr-FR","potentialAction":[{"@type":"ReadAction","target":["https:\/\/greenmedsoft.com\/our-team\/"]}]},{"@type":"ImageObject","inLanguage":"fr-FR","@id":"https:\/\/greenmedsoft.com\/our-team\/#primaryimage","url":"https:\/\/GreenMedSoft.com\/wp-content\/uploads\/2024\/01\/ram-38d852cqsk5pvqbbkvfa4q.png","contentUrl":"https:\/\/GreenMedSoft.com\/wp-content\/uploads\/2024\/01\/ram-38d852cqsk5pvqbbkvfa4q.png"},{"@type":"BreadcrumbList","@id":"https:\/\/greenmedsoft.com\/our-team\/#breadcrumb","itemListElement":[{"@type":"ListItem","position":1,"name":"Home","item":"https:\/\/greenmedsoft.com\/fr\/"},{"@type":"ListItem","position":2,"name":"Our Team"}]},{"@type":"WebSite","@id":"https:\/\/greenmedsoft.com\/#website","url":"https:\/\/greenmedsoft.com\/","name":"Green Medical Software Solutions","description":"","publisher":{"@id":"https:\/\/greenmedsoft.com\/#organization"},"potentialAction":[{"@type":"SearchAction","target":{"@type":"EntryPoint","urlTemplate":"https:\/\/greenmedsoft.com\/?s={search_term_string}"},"query-input":{"@type":"PropertyValueSpecification","valueRequired":true,"valueName":"search_term_string"}}],"inLanguage":"fr-FR"},{"@type":"Organization","@id":"https:\/\/greenmedsoft.com\/#organization","name":"Green Medical Software Solutions","url":"https:\/\/greenmedsoft.com\/","logo":{"@type":"ImageObject","inLanguage":"fr-FR","@id":"https:\/\/greenmedsoft.com\/#\/schema\/logo\/image\/","url":"https:\/\/greenmedsoft.com\/wp-content\/uploads\/2024\/01\/GMS_Logo_SVG.png","contentUrl":"https:\/\/greenmedsoft.com\/wp-content\/uploads\/2024\/01\/GMS_Logo_SVG.png","width":1624,"height":490,"caption":"Green Medical Software Solutions"},"image":{"@id":"https:\/\/greenmedsoft.com\/#\/schema\/logo\/image\/"}}]}},"brizy_media":[],"_links":{"self":[{"href":"https:\/\/greenmedsoft.com\/fr\/wp-json\/wp\/v2\/pages\/11549","targetHints":{"allow":["GET"]}}],"collection":[{"href":"https:\/\/greenmedsoft.com\/fr\/wp-json\/wp\/v2\/pages"}],"about":[{"href":"https:\/\/greenmedsoft.com\/fr\/wp-json\/wp\/v2\/types\/page"}],"author":[{"embeddable":true,"href":"https:\/\/greenmedsoft.com\/fr\/wp-json\/wp\/v2\/users\/1"}],"replies":[{"embeddable":true,"href":"https:\/\/greenmedsoft.com\/fr\/wp-json\/wp\/v2\/comments?post=11549"}],"version-history":[{"count":211,"href":"https:\/\/greenmedsoft.com\/fr\/wp-json\/wp\/v2\/pages\/11549\/revisions"}],"predecessor-version":[{"id":15389,"href":"https:\/\/greenmedsoft.com\/fr\/wp-json\/wp\/v2\/pages\/11549\/revisions\/15389"}],"wp:attachment":[{"href":"https:\/\/greenmedsoft.com\/fr\/wp-json\/wp\/v2\/media?parent=11549"}],"curies":[{"name":"wp","href":"https:\/\/api.w.org\/{rel}","templated":true}]}}