{"id":13876,"date":"2024-02-17T10:54:25","date_gmt":"2024-02-17T10:54:25","guid":{"rendered":"https:\/\/greenmedsoft.com\/?page_id=13876"},"modified":"2024-04-23T06:40:06","modified_gmt":"2024-04-23T06:40:06","slug":"projectatsign","status":"publish","type":"page","link":"https:\/\/greenmedsoft.com\/fr\/projectatsign\/","title":{"rendered":"Project atsign"},"content":{"rendered":"<div data-elementor-type=\"wp-page\" data-elementor-id=\"13876\" class=\"elementor elementor-13876\">\n\t\t\t\t\t\t<section class=\"has_ae_slider elementor-section elementor-top-section elementor-element elementor-element-757fd64f elementor-section-boxed elementor-section-height-default elementor-section-height-default ae-bg-gallery-type-default\" data-id=\"757fd64f\" data-element_type=\"section\" data-e-type=\"section\" data-settings=\"{&quot;background_background&quot;:&quot;classic&quot;}\">\n\t\t\t\t\t\t<div class=\"elementor-container elementor-column-gap-default\">\n\t\t\t\t\t<div class=\"has_ae_slider elementor-column elementor-col-100 elementor-top-column elementor-element elementor-element-3b0d2bd4 ae-bg-gallery-type-default\" data-id=\"3b0d2bd4\" data-element_type=\"column\" data-e-type=\"column\" data-settings=\"{&quot;background_background&quot;:&quot;classic&quot;}\">\n\t\t\t<div class=\"elementor-widget-wrap elementor-element-populated\">\n\t\t\t\t\t\t<div class=\"elementor-element elementor-element-18444f8a elementor-invisible elementor-widget elementor-widget-html\" data-id=\"18444f8a\" data-element_type=\"widget\" data-e-type=\"widget\" data-settings=\"{&quot;_animation&quot;:&quot;fadeInUp&quot;}\" data-widget_type=\"html.default\">\n\t\t\t\t<div class=\"elementor-widget-container\">\n\t\t\t\t\t<h1 class=\"font-medium text-center\"><span class=\"text-white\">\n    \n   \n      \n    Une collaboration r\u00e9ussie entre Green Medical Software Solutions AG et AtCompany\n    \n<\/span><\/h1>\t\t\t\t<\/div>\n\t\t\t\t<\/div>\n\t\t\t\t\t<\/div>\n\t\t<\/div>\n\t\t\t\t\t<\/div>\n\t\t<\/section>\n\t\t\t\t<section class=\"has_ae_slider elementor-section elementor-top-section elementor-element elementor-element-c221959 elementor-section-boxed elementor-section-height-default elementor-section-height-default ae-bg-gallery-type-default\" data-id=\"c221959\" data-element_type=\"section\" data-e-type=\"section\" data-settings=\"{&quot;background_background&quot;:&quot;classic&quot;}\">\n\t\t\t\t\t\t<div class=\"elementor-container elementor-column-gap-default\">\n\t\t\t\t\t<div class=\"has_ae_slider elementor-column elementor-col-100 elementor-top-column elementor-element elementor-element-d76bda8 ae-bg-gallery-type-default\" data-id=\"d76bda8\" data-element_type=\"column\" data-e-type=\"column\">\n\t\t\t<div class=\"elementor-widget-wrap elementor-element-populated\">\n\t\t\t\t\t\t<section class=\"has_ae_slider elementor-section elementor-inner-section elementor-element elementor-element-3f20ae51 elementor-section-boxed elementor-section-height-default elementor-section-height-default ae-bg-gallery-type-default\" data-id=\"3f20ae51\" data-element_type=\"section\" data-e-type=\"section\">\n\t\t\t\t\t\t<div class=\"elementor-container elementor-column-gap-default\">\n\t\t\t\t\t<div class=\"has_ae_slider elementor-column elementor-col-100 elementor-inner-column elementor-element elementor-element-6b05a8b5 ae-bg-gallery-type-default\" data-id=\"6b05a8b5\" data-element_type=\"column\" data-e-type=\"column\">\n\t\t\t<div class=\"elementor-widget-wrap elementor-element-populated\">\n\t\t\t\t\t\t<div class=\"elementor-element elementor-element-774f8950 elementor-invisible elementor-widget elementor-widget-html\" data-id=\"774f8950\" data-element_type=\"widget\" data-e-type=\"widget\" data-settings=\"{&quot;_animation&quot;:&quot;zoomIn&quot;,&quot;_animation_delay&quot;:2000}\" data-widget_type=\"html.default\">\n\t\t\t\t<div class=\"elementor-widget-container\">\n\t\t\t\t\t\n<img decoding=\"async\" class=\"atsign-logo\" src=\"https:\/\/sptechnophiles.com\/gms\/wp-content\/uploads\/2024\/01\/atsign-logo.svg\"\/>\n\n\n<div class=\"fintech-ref en-hidden\">\n\n<ul class=\"list-items mb-5\">\n    <li>L'\u00e9quipe de GreenMedSoft est impliqu\u00e9e dans le processus de d\u00e9veloppement de atCompany depuis sa cr\u00e9ation en 2019. <\/li>\n    <li>L\u2019\u00e9quipe demeure d\u00e9vou\u00e9e \u00e0 la conception de atProtocol, la pierre angulaire de toutes les avanc\u00e9es technologiques chez atCompany. \n    <\/li>\n    <li>L\u2019\u00e9quipe a \u00e9galement particip\u00e9 \u00e0 l'obtention du brevet accord\u00e9 \u00e0 atCompany. <\/li>\n    <li>La collaboration entre les ing\u00e9nieurs de GreenMedSoft et ceux d'atCompany s'\u00e9tend \u00e0 diverses offres de produits bas\u00e9es sur la technologie de l'atProtocol. Parmi les solutions notables r\u00e9sultant de cette collaboration, citons notamment : <\/li>\n<ul class=\"list-items\">\n    <li><strong>SSH No Ports : <\/strong> offrant un acc\u00e8s distant s\u00e9curis\u00e9 sans l'ouverture de ports.<\/li>\n    <li><strong>Buzz :<\/strong> facilitant la mise \u00e0 jour automatique des contrats via le partage et le non-partage s\u00e9curis\u00e9s des donn\u00e9es.<\/li>\n<\/ul>\n<\/ul>\n<\/div>\n<div class=\"fintech-ref fr-hidden\">\n\n<ul class=\"list-items mb-5\">\n    <li>The GreenMedSoft team has been working with atCompany since their inception in 2019 as their development partner. <\/li>\n    <li>The GreenMedSoft team continuously is dedicated to crafting the atProtocol, the cornerstone of all technology advancements at atCompany.\n<\/li>\n<li>The team has also been a part of the patent granted to atCompany.<\/li>\n<li>The collaboration between GreenMedSoft and atCompany engineers extends to diverse product offerings built on the atProtocol. <br>\n<br>Notable solutions include:<\/li>\n<ul class=\"list-items\">\n    <li><strong>SSH No Ports:<\/strong> Providing secure remote access without open ports.<\/li>\n    <li><strong>Buzz:<\/strong> Facilitating self-updating contracts through secure data sharing and un-sharing.<\/li>\n<\/ul>\n<\/ul>\n<\/div>\t\t\t\t<\/div>\n\t\t\t\t<\/div>\n\t\t\t\t\t<\/div>\n\t\t<\/div>\n\t\t\t\t\t<\/div>\n\t\t<\/section>\n\t\t\t\t\t<\/div>\n\t\t<\/div>\n\t\t\t\t\t<\/div>\n\t\t<\/section>\n\t\t\t\t<\/div>","protected":false},"excerpt":{"rendered":"<p>L&#8217;\u00e9quipe de GreenMedSoft est impliqu\u00e9e dans le processus de d\u00e9veloppement de atCompany depuis sa cr\u00e9ation en 2019. L\u2019\u00e9quipe demeure d\u00e9vou\u00e9e \u00e0 la conception de atProtocol, la pierre angulaire de toutes les avanc\u00e9es technologiques chez atCompany. L\u2019\u00e9quipe a \u00e9galement particip\u00e9 \u00e0 l&#8217;obtention du brevet accord\u00e9 \u00e0 atCompany. La collaboration entre les ing\u00e9nieurs de GreenMedSoft et ceux [&hellip;]<\/p>\n","protected":false},"author":1,"featured_media":0,"parent":0,"menu_order":0,"comment_status":"closed","ping_status":"closed","template":"","meta":{"footnotes":""},"class_list":["post-13876","page","type-page","status-publish","hentry"],"yoast_head":"<!-- This site is optimized with the Yoast SEO plugin v27.3 - https:\/\/yoast.com\/product\/yoast-seo-wordpress\/ -->\n<title>Project atsign - Green Medical Software Solutions<\/title>\n<meta name=\"robots\" content=\"index, follow, max-snippet:-1, max-image-preview:large, max-video-preview:-1\" \/>\n<link rel=\"canonical\" href=\"https:\/\/greenmedsoft.com\/fr\/projectatsign\/\" \/>\n<meta property=\"og:locale\" content=\"fr_FR\" \/>\n<meta property=\"og:type\" content=\"article\" \/>\n<meta property=\"og:title\" content=\"Project atsign - Green Medical Software Solutions\" \/>\n<meta property=\"og:description\" content=\"L&#8217;\u00e9quipe de GreenMedSoft est impliqu\u00e9e dans le processus de d\u00e9veloppement de atCompany depuis sa cr\u00e9ation en 2019. L\u2019\u00e9quipe demeure d\u00e9vou\u00e9e \u00e0 la conception de atProtocol, la pierre angulaire de toutes les avanc\u00e9es technologiques chez atCompany. L\u2019\u00e9quipe a \u00e9galement particip\u00e9 \u00e0 l&#8217;obtention du brevet accord\u00e9 \u00e0 atCompany. La collaboration entre les ing\u00e9nieurs de GreenMedSoft et ceux [&hellip;]\" \/>\n<meta property=\"og:url\" content=\"https:\/\/greenmedsoft.com\/fr\/projectatsign\/\" \/>\n<meta property=\"og:site_name\" content=\"Green Medical Software Solutions\" \/>\n<meta property=\"article:modified_time\" content=\"2024-04-23T06:40:06+00:00\" \/>\n<meta property=\"og:image\" content=\"https:\/\/sptechnophiles.com\/gms\/wp-content\/uploads\/2024\/01\/atsign-logo.svg\" \/>\n<meta name=\"twitter:card\" content=\"summary_large_image\" \/>\n<meta name=\"twitter:label1\" content=\"Dur\u00e9e de lecture estim\u00e9e\" \/>\n\t<meta name=\"twitter:data1\" content=\"2 minutes\" \/>\n<script type=\"application\/ld+json\" class=\"yoast-schema-graph\">{\"@context\":\"https:\\\/\\\/schema.org\",\"@graph\":[{\"@type\":\"WebPage\",\"@id\":\"https:\\\/\\\/greenmedsoft.com\\\/projectatsign\\\/\",\"url\":\"https:\\\/\\\/greenmedsoft.com\\\/projectatsign\\\/\",\"name\":\"Project atsign - Green Medical Software Solutions\",\"isPartOf\":{\"@id\":\"https:\\\/\\\/greenmedsoft.com\\\/#website\"},\"primaryImageOfPage\":{\"@id\":\"https:\\\/\\\/greenmedsoft.com\\\/projectatsign\\\/#primaryimage\"},\"image\":{\"@id\":\"https:\\\/\\\/greenmedsoft.com\\\/projectatsign\\\/#primaryimage\"},\"thumbnailUrl\":\"https:\\\/\\\/sptechnophiles.com\\\/gms\\\/wp-content\\\/uploads\\\/2024\\\/01\\\/atsign-logo.svg\",\"datePublished\":\"2024-02-17T10:54:25+00:00\",\"dateModified\":\"2024-04-23T06:40:06+00:00\",\"breadcrumb\":{\"@id\":\"https:\\\/\\\/greenmedsoft.com\\\/projectatsign\\\/#breadcrumb\"},\"inLanguage\":\"fr-FR\",\"potentialAction\":[{\"@type\":\"ReadAction\",\"target\":[\"https:\\\/\\\/greenmedsoft.com\\\/projectatsign\\\/\"]}]},{\"@type\":\"ImageObject\",\"inLanguage\":\"fr-FR\",\"@id\":\"https:\\\/\\\/greenmedsoft.com\\\/projectatsign\\\/#primaryimage\",\"url\":\"https:\\\/\\\/sptechnophiles.com\\\/gms\\\/wp-content\\\/uploads\\\/2024\\\/01\\\/atsign-logo.svg\",\"contentUrl\":\"https:\\\/\\\/sptechnophiles.com\\\/gms\\\/wp-content\\\/uploads\\\/2024\\\/01\\\/atsign-logo.svg\"},{\"@type\":\"BreadcrumbList\",\"@id\":\"https:\\\/\\\/greenmedsoft.com\\\/projectatsign\\\/#breadcrumb\",\"itemListElement\":[{\"@type\":\"ListItem\",\"position\":1,\"name\":\"Home\",\"item\":\"https:\\\/\\\/greenmedsoft.com\\\/fr\\\/\"},{\"@type\":\"ListItem\",\"position\":2,\"name\":\"Project atsign\"}]},{\"@type\":\"WebSite\",\"@id\":\"https:\\\/\\\/greenmedsoft.com\\\/#website\",\"url\":\"https:\\\/\\\/greenmedsoft.com\\\/\",\"name\":\"Green Medical Software Solutions\",\"description\":\"\",\"publisher\":{\"@id\":\"https:\\\/\\\/greenmedsoft.com\\\/#organization\"},\"potentialAction\":[{\"@type\":\"SearchAction\",\"target\":{\"@type\":\"EntryPoint\",\"urlTemplate\":\"https:\\\/\\\/greenmedsoft.com\\\/?s={search_term_string}\"},\"query-input\":{\"@type\":\"PropertyValueSpecification\",\"valueRequired\":true,\"valueName\":\"search_term_string\"}}],\"inLanguage\":\"fr-FR\"},{\"@type\":\"Organization\",\"@id\":\"https:\\\/\\\/greenmedsoft.com\\\/#organization\",\"name\":\"Green Medical Software Solutions\",\"url\":\"https:\\\/\\\/greenmedsoft.com\\\/\",\"logo\":{\"@type\":\"ImageObject\",\"inLanguage\":\"fr-FR\",\"@id\":\"https:\\\/\\\/greenmedsoft.com\\\/#\\\/schema\\\/logo\\\/image\\\/\",\"url\":\"https:\\\/\\\/greenmedsoft.com\\\/wp-content\\\/uploads\\\/2024\\\/01\\\/GMS_Logo_SVG.png\",\"contentUrl\":\"https:\\\/\\\/greenmedsoft.com\\\/wp-content\\\/uploads\\\/2024\\\/01\\\/GMS_Logo_SVG.png\",\"width\":1624,\"height\":490,\"caption\":\"Green Medical Software Solutions\"},\"image\":{\"@id\":\"https:\\\/\\\/greenmedsoft.com\\\/#\\\/schema\\\/logo\\\/image\\\/\"}}]}<\/script>\n<!-- \/ Yoast SEO plugin. -->","yoast_head_json":{"title":"Project atsign - Green Medical Software Solutions","robots":{"index":"index","follow":"follow","max-snippet":"max-snippet:-1","max-image-preview":"max-image-preview:large","max-video-preview":"max-video-preview:-1"},"canonical":"https:\/\/greenmedsoft.com\/fr\/projectatsign\/","og_locale":"fr_FR","og_type":"article","og_title":"Project atsign - Green Medical Software Solutions","og_description":"L&#8217;\u00e9quipe de GreenMedSoft est impliqu\u00e9e dans le processus de d\u00e9veloppement de atCompany depuis sa cr\u00e9ation en 2019. L\u2019\u00e9quipe demeure d\u00e9vou\u00e9e \u00e0 la conception de atProtocol, la pierre angulaire de toutes les avanc\u00e9es technologiques chez atCompany. L\u2019\u00e9quipe a \u00e9galement particip\u00e9 \u00e0 l&#8217;obtention du brevet accord\u00e9 \u00e0 atCompany. La collaboration entre les ing\u00e9nieurs de GreenMedSoft et ceux [&hellip;]","og_url":"https:\/\/greenmedsoft.com\/fr\/projectatsign\/","og_site_name":"Green Medical Software Solutions","article_modified_time":"2024-04-23T06:40:06+00:00","og_image":[{"url":"https:\/\/sptechnophiles.com\/gms\/wp-content\/uploads\/2024\/01\/atsign-logo.svg","type":"","width":"","height":""}],"twitter_card":"summary_large_image","twitter_misc":{"Dur\u00e9e de lecture estim\u00e9e":"2 minutes"},"schema":{"@context":"https:\/\/schema.org","@graph":[{"@type":"WebPage","@id":"https:\/\/greenmedsoft.com\/projectatsign\/","url":"https:\/\/greenmedsoft.com\/projectatsign\/","name":"Project atsign - Green Medical Software Solutions","isPartOf":{"@id":"https:\/\/greenmedsoft.com\/#website"},"primaryImageOfPage":{"@id":"https:\/\/greenmedsoft.com\/projectatsign\/#primaryimage"},"image":{"@id":"https:\/\/greenmedsoft.com\/projectatsign\/#primaryimage"},"thumbnailUrl":"https:\/\/sptechnophiles.com\/gms\/wp-content\/uploads\/2024\/01\/atsign-logo.svg","datePublished":"2024-02-17T10:54:25+00:00","dateModified":"2024-04-23T06:40:06+00:00","breadcrumb":{"@id":"https:\/\/greenmedsoft.com\/projectatsign\/#breadcrumb"},"inLanguage":"fr-FR","potentialAction":[{"@type":"ReadAction","target":["https:\/\/greenmedsoft.com\/projectatsign\/"]}]},{"@type":"ImageObject","inLanguage":"fr-FR","@id":"https:\/\/greenmedsoft.com\/projectatsign\/#primaryimage","url":"https:\/\/sptechnophiles.com\/gms\/wp-content\/uploads\/2024\/01\/atsign-logo.svg","contentUrl":"https:\/\/sptechnophiles.com\/gms\/wp-content\/uploads\/2024\/01\/atsign-logo.svg"},{"@type":"BreadcrumbList","@id":"https:\/\/greenmedsoft.com\/projectatsign\/#breadcrumb","itemListElement":[{"@type":"ListItem","position":1,"name":"Home","item":"https:\/\/greenmedsoft.com\/fr\/"},{"@type":"ListItem","position":2,"name":"Project atsign"}]},{"@type":"WebSite","@id":"https:\/\/greenmedsoft.com\/#website","url":"https:\/\/greenmedsoft.com\/","name":"Green Medical Software Solutions","description":"","publisher":{"@id":"https:\/\/greenmedsoft.com\/#organization"},"potentialAction":[{"@type":"SearchAction","target":{"@type":"EntryPoint","urlTemplate":"https:\/\/greenmedsoft.com\/?s={search_term_string}"},"query-input":{"@type":"PropertyValueSpecification","valueRequired":true,"valueName":"search_term_string"}}],"inLanguage":"fr-FR"},{"@type":"Organization","@id":"https:\/\/greenmedsoft.com\/#organization","name":"Green Medical Software Solutions","url":"https:\/\/greenmedsoft.com\/","logo":{"@type":"ImageObject","inLanguage":"fr-FR","@id":"https:\/\/greenmedsoft.com\/#\/schema\/logo\/image\/","url":"https:\/\/greenmedsoft.com\/wp-content\/uploads\/2024\/01\/GMS_Logo_SVG.png","contentUrl":"https:\/\/greenmedsoft.com\/wp-content\/uploads\/2024\/01\/GMS_Logo_SVG.png","width":1624,"height":490,"caption":"Green Medical Software Solutions"},"image":{"@id":"https:\/\/greenmedsoft.com\/#\/schema\/logo\/image\/"}}]}},"brizy_media":[],"_links":{"self":[{"href":"https:\/\/greenmedsoft.com\/fr\/wp-json\/wp\/v2\/pages\/13876","targetHints":{"allow":["GET"]}}],"collection":[{"href":"https:\/\/greenmedsoft.com\/fr\/wp-json\/wp\/v2\/pages"}],"about":[{"href":"https:\/\/greenmedsoft.com\/fr\/wp-json\/wp\/v2\/types\/page"}],"author":[{"embeddable":true,"href":"https:\/\/greenmedsoft.com\/fr\/wp-json\/wp\/v2\/users\/1"}],"replies":[{"embeddable":true,"href":"https:\/\/greenmedsoft.com\/fr\/wp-json\/wp\/v2\/comments?post=13876"}],"version-history":[{"count":33,"href":"https:\/\/greenmedsoft.com\/fr\/wp-json\/wp\/v2\/pages\/13876\/revisions"}],"predecessor-version":[{"id":14789,"href":"https:\/\/greenmedsoft.com\/fr\/wp-json\/wp\/v2\/pages\/13876\/revisions\/14789"}],"wp:attachment":[{"href":"https:\/\/greenmedsoft.com\/fr\/wp-json\/wp\/v2\/media?parent=13876"}],"curies":[{"name":"wp","href":"https:\/\/api.w.org\/{rel}","templated":true}]}}