{"id":14444,"date":"2024-03-25T10:11:37","date_gmt":"2024-03-25T10:11:37","guid":{"rendered":"https:\/\/greenmedsoft.com\/privacy-policy-copy\/"},"modified":"2024-04-03T10:03:27","modified_gmt":"2024-04-03T10:03:27","slug":"legal-notice","status":"publish","type":"page","link":"https:\/\/greenmedsoft.com\/fr\/legal-notice\/","title":{"rendered":"Mentions l\u00e9gales"},"content":{"rendered":"\t\t<div data-elementor-type=\"wp-page\" data-elementor-id=\"14444\" class=\"elementor elementor-14444\">\n\t\t\t\t\t\t<section class=\"has_ae_slider elementor-section elementor-top-section elementor-element elementor-element-79a6c9a9 elementor-section-boxed elementor-section-height-default elementor-section-height-default ae-bg-gallery-type-default\" data-id=\"79a6c9a9\" data-element_type=\"section\" data-e-type=\"section\" data-settings=\"{&quot;background_background&quot;:&quot;classic&quot;}\">\n\t\t\t\t\t\t<div class=\"elementor-container elementor-column-gap-default\">\n\t\t\t\t\t<div class=\"has_ae_slider elementor-column elementor-col-100 elementor-top-column elementor-element elementor-element-6598f86c ae-bg-gallery-type-default\" data-id=\"6598f86c\" data-element_type=\"column\" data-e-type=\"column\">\n\t\t\t<div class=\"elementor-widget-wrap elementor-element-populated\">\n\t\t\t\t\t\t<div class=\"elementor-element elementor-element-5355e643 elementor-invisible elementor-widget elementor-widget-html\" data-id=\"5355e643\" data-element_type=\"widget\" data-e-type=\"widget\" data-settings=\"{&quot;_animation&quot;:&quot;fadeInUp&quot;}\" data-widget_type=\"html.default\">\n\t\t\t\t<div class=\"elementor-widget-container\">\n\t\t\t\t\t<h1 class=\"font-medium text-center\"><span class=\"text-white\">Legal Notice<\/span><\/h1>\t\t\t\t<\/div>\n\t\t\t\t<\/div>\n\t\t\t\t\t<\/div>\n\t\t<\/div>\n\t\t\t\t\t<\/div>\n\t\t<\/section>\n\t\t\t\t<section class=\"has_ae_slider elementor-section elementor-top-section elementor-element elementor-element-ae2ccd3 elementor-section-boxed elementor-section-height-default elementor-section-height-default ae-bg-gallery-type-default\" data-id=\"ae2ccd3\" data-element_type=\"section\" data-e-type=\"section\" data-settings=\"{&quot;background_background&quot;:&quot;classic&quot;}\">\n\t\t\t\t\t\t<div class=\"elementor-container elementor-column-gap-default\">\n\t\t\t\t\t<div class=\"has_ae_slider elementor-column elementor-col-100 elementor-top-column elementor-element elementor-element-f60a77b ae-bg-gallery-type-default\" data-id=\"f60a77b\" data-element_type=\"column\" data-e-type=\"column\">\n\t\t\t<div class=\"elementor-widget-wrap elementor-element-populated\">\n\t\t\t\t\t\t<div class=\"elementor-element elementor-element-08d4834 elementor-widget__width-initial elementor-invisible elementor-widget elementor-widget-html\" data-id=\"08d4834\" data-element_type=\"widget\" data-e-type=\"widget\" data-settings=\"{&quot;_animation&quot;:&quot;fadeInUp&quot;}\" data-widget_type=\"html.default\">\n\t\t\t\t<div class=\"elementor-widget-container\">\n\t\t\t\t\t<div class=\"en-hidden\">\r\n\r\n<p class=\"text-black mb-5 text-base\"> <b>Mentions l\u00e9gales en vigueur au 01\/03\/2024 <\/b>\r\n<br>\r\n<\/p>\r\n\r\n<p class=\"text-black mb-2 text-base\">\r\nConform\u00e9ment aux dispositions des articles 6-III et 19 de la Loi n\u00b02004-575 du 21 juin 2004 pour la Confiance dans l\u2019\u00e9conomie num\u00e9rique (LCEN), il est port\u00e9 \u00e0 la connaissance des Utilisateurs du<a class=\"text-accent\" href=\"https:\/\/greenmedsoft.com\"> https:\/\/greenmedsoft.com<\/a>  les pr\u00e9sentes mentions l\u00e9gales. La connexion et la navigation sur le site <a class=\"text-accent\" href=\"https:\/\/greenmedsoft.com\">https:\/\/greenmedsoft.com<\/a>par l\u2019utilisateur implique acceptation int\u00e9grale et sans r\u00e9serve des pr\u00e9sentes mentions l\u00e9gales. Ces derni\u00e8res sont accessibles sur le site \u00e0 la rubrique \"Mentions l\u00e9gales\".\r\n<\/p>\r\n\r\n<h4 class=\"text-primary mb-2\"> 1. L\u2019\u00c9DITEUR\r\n<\/h4>\r\n\r\n<p class=\"text-black mb-5 text-sm\" style=\"text-align: justify;\"> \r\nL\u2019\u00e9dition du site GreenMedSoft, pour la partie fran\u00e7aise qui est une soci\u00e9t\u00e9 par actions simplifi\u00e9e, immatricul\u00e9e au registre du commerce et des soci\u00e9t\u00e9s de Strasbourg et dont le si\u00e8ge social est situ\u00e9 au 13 rue Pierotes - 67000 STRASBOURG. Adresse e-mail : <a class=\"text-accent\" href=\"mailto:info@greenmedsoft.com\">info@greenmedsoft.com<\/a>, est pris en charge par la soci\u00e9t\u00e9 m\u00e8re GreenMedSoft - Galgenried 4, 6370 Stans, Suisse que vous pouvez contacter \u00e0 l\u2019adresse e-mail : <a class=\"text-accent\" href=\"mailto:info@greenmedsoft.com\"> info@greenmedsoft.com <\/a>pour toute question et\/ou commentaire concernant ce site.\r\n<\/p>\r\n<p class=\"text-black mb-5 text-sm\">\r\n<b>Directeur de la publication: Venkatesh Tulluri<\/b>, en sa qualit\u00e9 de Pr\u00e9sident de GreenMedSoft.\r\n<\/p>\r\n\r\n<h4 class=\"text-primary mb-2\"> 2. L\u2019H\u00c9BERGEUR\r\n\r\n<\/h4>\r\n\r\n<p class=\"text-black mb-5 text-sm\" style=\"text-align: justify;\"> \r\n\r\nL\u2019h\u00e9bergeur du site <a class=\"text-accent\" href=\"https:\/\/greenmedsoft.com\"> https:\/\/greenmedsoft.com <\/a>est la Soci\u00e9t\u00e9 GreenMedSoft, dont le si\u00e8ge social est situ\u00e9 au Galgenried 4, 6370 Stans, Suisse., avec le num\u00e9ro de t\u00e9l\u00e9phone : (41) 41 531 30 35.\r\n\r\n<\/p>\r\n\r\n<h4 class=\"text-primary mb-2\"> 3. ACC\u00c8S AU SITE\r\n\r\n<\/h4>\r\n\r\n<p class=\"text-black mb-5 text-sm\" style=\"text-align: justify;\"> \r\n\r\nLe site est accessible par tout endroit, 7j\/7, 24h\/24 sauf cas de force majeure, interruption programm\u00e9e ou non et pouvant d\u00e9coulant d\u2019une n\u00e9cessit\u00e9 de maintenance. <br>\r\n\r\n<br>\r\n\r\nEn cas de modification, interruption ou suspension des services le site <a class=\"text-accent\" href=\"https:\/\/greenmedsoft.com\"> https:\/\/greenmedsoft.com<\/a> ne saurait \u00eatre tenu responsable. <br>\r\n\r\n<br>\r\nConform\u00e9ment aux dispositions des Articles 6 III et 19 de la Loi n\u00b02004\u2013575 du 21 juin 2004 pour la Confiance dans l\u2019\u00e9conomie num\u00e9rique, dite L.C.E.N., il est port\u00e9 \u00e0 la connaissance des Utilisateurs du site <a class=\"text-accent\" href=\"https:\/\/greenmedsoft.com\"> https:\/\/greenmedsoft.com <\/a> les pr\u00e9sentes mentions l\u00e9gales. La connexion et la navigation sur le site <a class=\"text-accent\" href=\"https:\/\/greenmedsoft.com\"> https:\/\/greenmedsoft.com <\/a> par l\u2019utilisateur implique acceptation int\u00e9grale et sans r\u00e9serve des pr\u00e9sentes mentions l\u00e9gales. Ces derni\u00e8res sont accessibles sur le site \u00e0 la rubrique \"Mentions l\u00e9gales\".\r\n\r\n<\/p>\r\n\r\n<h5 class=\"text-primary mb-2 text-base\">  3.1 Outils de mesure d'audience\r\n\r\n<\/h5>\r\n\r\n<p class=\"text-black text-sm\" style=\"text-align: justify;\"> \r\n\r\nL\u2019outil de mesure d\u2019audience Google Analytics est d\u00e9ploy\u00e9 sur ce site afin d\u2019obtenir des informations sur la navigation des visiteurs. Nous utilisons \u00e9galement les services de HubSpot. Il permet notamment de comprendre comment les utilisateurs arrivent et naviguent sur ce site. <br>\r\n<br>\r\nCet outil utilise des technologies permettant de tracer les utilisateurs sur le site et d\u2019associer un r\u00e9f\u00e9rant. Vos donn\u00e9es seront utilis\u00e9es pour vous informer sur les produits et services de GreenMedSoft. Vous pouvez choisir de ne plus recevoir ces communications [ici](lien de d\u00e9sinscription).\r\n\r\n<ul class=\"list-items en-hidden mb-5\" >\r\n\r\n   \t<li> Les donn\u00e9es collect\u00e9es ne sont pas recoup\u00e9es avec d\u2019autres traitements.<\/li>\r\n\t<li> Le cookie d\u00e9pos\u00e9 sert uniquement \u00e0 la production de statistiques anonymes.<\/li>\r\n\t<li> Le cookie ne permet pas de suivre la navigation de l\u2019internaute sur d\u2019autres sites.<\/li>\r\n\r\n<\/ul>\r\n\r\n<h5 class=\"text-primary mb-5 text-base\"> 3.2 Responsable r\u00e9daction: \r\n\r\n<\/h5>\r\n\r\n<p class=\"text-black mb-5 text-sm\">\r\n \r\n<b>Venkatesh Tulluri<\/b>\r\n\r\n<\/p>\r\n\r\n<h5 class=\"text-primary mb-2 text-base\"> 3.3 Cr\u00e9ation et conception du site internet : \r\n\r\n<\/h5>\r\n\r\n<p class=\"text-black mb-5 text-sm\"  > \r\n\r\nSpTechnoPhiles, (int\u00e9grateur\/webdesigner) avec le d\u00e9veloppement par l'\u00e9quipe de SpTechnoPhiles. Ce site web utilise la solution WordPress Software, outil de gestion de contenu de site internet.\r\n\r\n<\/p>\r\n\r\n\r\n<\/div>\r\n\r\n\r\n<div class=\"fr-hidden\">\r\n\r\n<p class=\"text-black text-base\"> <b>Legal notice effective as of 01\/03\/2024<\/b>\r\n<\/p>\r\n<br>\r\n<p class=\"text-black mb-2 text-base\">\r\nIn accordance with the provisions of articles 6-III and 19 of Law No. 2004-575 of June 21, 2004 for Confidence in the Digital Economy (LCEN), Users of the website <a class=\"text-accent\" href=\"https:\/\/greenmedsoft.com\"> https:\/\/greenmedsoft.com<\/a> are hereby informed of the following legal notices. Connection to and browsing of the website <a class=\"text-accent\" href=\"https:\/\/greenmedsoft.com\"> https:\/\/greenmedsoft.com<\/a> by the user implies full and unconditional acceptance of these legal notices. They are accessible on the website under the \"Legal Notice\" section.\r\n\r\n<\/p>\r\n\r\n<h4 class=\"text-primary mb-2\">1. PUBLISHER\r\n\r\n<\/h4>\r\n\r\n<p class=\"text-black mb-5 text-sm\" style=\"text-align: justify;\"> The publication of the GreenMedSoft website, for the French part which is a simplified joint-stock company, whose registered office is located at 13 rue Pierotes - 67000 STRASBOURG. Email address: <a class=\"text-accent\" href=\"mailto:info@greenmedsoft.com\"> info@greenmedsoft.com<\/a>, is supported by the parent company GreenMedSoft - Galgenried 4, 6370 Stans, Switzerland, which you can contact at the email address: <a class=\"text-accent\" href=\"mailto:info@greenmedsoft.com\"> info@greenmedsoft.com <\/a> for any questions and\/or comments regarding this site. <br>\r\n<br>\r\n\r\n<b>Publication Director: Venkatesh Tulluri<\/b>, as President of GreenMedSoft.\r\n\r\n<\/p>\r\n\r\n<h4 class=\"text-primary mb-2\"> 2. HOSTING\r\n\r\n<\/h4>\r\n\r\n<p class=\"text-black mb-5 text-sm\" style=\"text-align: justify;\"> The host of the website <a class=\"text-accent\" href=\"https:\/\/greenmedsoft.com\"> https:\/\/greenmedsoft.com <\/a> is a Company, whose registered office is located at Galgenried 4, 6370 Stans, Switzerland, with the phone number: (41) 41 531 30 35.\r\n\r\n<\/p>\r\n\r\n<h4 class=\"text-primary mb-2\"> 3. ACCESS TO THE SITE \r\n\r\n<\/h4>\r\n\r\n<p class=\"text-sm mb-5 \">\r\n\r\nThe site is accessible from anywhere, 7 days a week, 24 hours a day except in cases of force majeure, scheduled or unscheduled interruption, and may result from a maintenance requirement. <br>\r\n<br>\r\n\r\nIn case of modification, interruption, or suspension of services, the website <a class=\"text-accent\" href=\"https:\/\/greenmedsoft.com\"> https:\/\/greenmedsoft.com<\/a> cannot be held responsible. <br>\r\n<br>\r\n\r\nIn accordance with the provisions of Articles 6 III and 19 of Law No. 2004\u2013575 of June 21, 2004 for Confidence in the digital economy, known as L.C.E.N., it is brought to the attention of Users of the site <a class=\"text- accent\" href=\"https:\/\/greenmedsoft.com\"> https:\/\/greenmedsoft.com <\/a> these legal notices. Connection and navigation on the site <a class=\"text-accent\" href=\"https:\/\/greenmedsoft.com\"> https:\/\/greenmedsoft.com <\/a> by the user implies full and unreserved acceptance of these legal notices. These are accessible on the site under the \"Legal notices\" section.\r\n\r\n<\/p>\r\n\r\n<h5 class=\"text-primary mb-3 text-base\"> 3.1 Audience measurement tools:\r\n\r\n<\/h5>\r\n\r\n<p class=\"text-black text-sm\" style=\"text-align: justify;\"> \r\n\r\nThe Google Analytics audience measurement tool is deployed on this site to obtain information about visitor navigation. We also use HubSpot services. It allows us to understand how users arrive at and navigate this site.<br> \r\n<br>\r\n\r\nThis tool uses technologies to track users on the site and associate a referrer. Your data will be used to inform you about GreenMedSoft products and services. You can choose to no longer receive these communications.<br> \r\n\r\n<ul class=\"list-items fr-hidden mb-5\">\r\n    \r\n\t<li> The collected data is not cross-referenced with other processing. <\/li>\r\n    <li> The cookie deposited is only used to produce anonymous statistics. <\/li>\r\n    <li> The cookie does not allow tracking of the user's navigation on other sites. <\/li>\r\n\r\n<\/ul>\r\n\r\n<h5 class=\"text-primary mb-2 text-base\"> 3.2 Editorial manager: \r\n\r\n<\/h5>\r\n\r\n<p class=\"text-black mb-2 text-sm\"> \r\n\r\n<b>Venkatesh Tulluri<\/b>\r\n\r\n<br>\r\n\r\n<\/p>\r\n\r\n<h5 class=\"text-primary mb-2 text-base\"> 3.3 Website development creation and design of the website: \r\n\r\n<\/h5>\r\n\r\n<p class=\"text-black mb-2 text-sm\" style=\"text-align: justify;\"> \r\n\r\nSpTechnoPhiles (integrator\/web designer) with development by the SpTechnoPhiles team. This website uses the \"WordPress\" software, a website content management tool.\r\n\r\n<\/p>\r\n\r\n<\/div>\t\t\t\t<\/div>\n\t\t\t\t<\/div>\n\t\t\t\t\t<\/div>\n\t\t<\/div>\n\t\t\t\t\t<\/div>\n\t\t<\/section>\n\t\t\t\t<\/div>\n\t\t","protected":false},"excerpt":{"rendered":"<p>Legal Notice Mentions l\u00e9gales en vigueur au 01\/03\/2024 Conform\u00e9ment aux dispositions des articles 6-III et 19 de la Loi n\u00b02004-575 du 21 juin 2004 pour la Confiance dans l\u2019\u00e9conomie num\u00e9rique (LCEN), il est port\u00e9 \u00e0 la connaissance des Utilisateurs du https:\/\/greenmedsoft.com les pr\u00e9sentes mentions l\u00e9gales. La connexion et la navigation sur le site https:\/\/greenmedsoft.compar l\u2019utilisateur [&hellip;]<\/p>\n","protected":false},"author":1,"featured_media":0,"parent":0,"menu_order":0,"comment_status":"closed","ping_status":"closed","template":"","meta":{"footnotes":""},"class_list":["post-14444","page","type-page","status-publish","hentry"],"yoast_head":"<!-- This site is optimized with the Yoast SEO plugin v27.3 - https:\/\/yoast.com\/product\/yoast-seo-wordpress\/ -->\n<title>Legal Notice - Green Medical Software Solutions<\/title>\n<meta name=\"robots\" content=\"index, follow, max-snippet:-1, max-image-preview:large, max-video-preview:-1\" \/>\n<link rel=\"canonical\" href=\"https:\/\/greenmedsoft.com\/fr\/legal-notice\/\" \/>\n<meta property=\"og:locale\" content=\"fr_FR\" \/>\n<meta property=\"og:type\" content=\"article\" \/>\n<meta property=\"og:title\" content=\"Legal Notice - Green Medical Software Solutions\" \/>\n<meta property=\"og:description\" content=\"Legal Notice Mentions l\u00e9gales en vigueur au 01\/03\/2024 Conform\u00e9ment aux dispositions des articles 6-III et 19 de la Loi n\u00b02004-575 du 21 juin 2004 pour la Confiance dans l\u2019\u00e9conomie num\u00e9rique (LCEN), il est port\u00e9 \u00e0 la connaissance des Utilisateurs du https:\/\/greenmedsoft.com les pr\u00e9sentes mentions l\u00e9gales. La connexion et la navigation sur le site https:\/\/greenmedsoft.compar l\u2019utilisateur [&hellip;]\" \/>\n<meta property=\"og:url\" content=\"https:\/\/greenmedsoft.com\/fr\/legal-notice\/\" \/>\n<meta property=\"og:site_name\" content=\"Green Medical Software Solutions\" \/>\n<meta property=\"article:modified_time\" content=\"2024-04-03T10:03:27+00:00\" \/>\n<meta name=\"twitter:card\" content=\"summary_large_image\" \/>\n<meta name=\"twitter:label1\" content=\"Dur\u00e9e de lecture estim\u00e9e\" \/>\n\t<meta name=\"twitter:data1\" content=\"5 minutes\" \/>\n<script type=\"application\/ld+json\" class=\"yoast-schema-graph\">{\"@context\":\"https:\\\/\\\/schema.org\",\"@graph\":[{\"@type\":\"WebPage\",\"@id\":\"https:\\\/\\\/greenmedsoft.com\\\/legal-notice\\\/\",\"url\":\"https:\\\/\\\/greenmedsoft.com\\\/legal-notice\\\/\",\"name\":\"Legal Notice - Green Medical Software Solutions\",\"isPartOf\":{\"@id\":\"https:\\\/\\\/greenmedsoft.com\\\/#website\"},\"datePublished\":\"2024-03-25T10:11:37+00:00\",\"dateModified\":\"2024-04-03T10:03:27+00:00\",\"breadcrumb\":{\"@id\":\"https:\\\/\\\/greenmedsoft.com\\\/legal-notice\\\/#breadcrumb\"},\"inLanguage\":\"fr-FR\",\"potentialAction\":[{\"@type\":\"ReadAction\",\"target\":[\"https:\\\/\\\/greenmedsoft.com\\\/legal-notice\\\/\"]}]},{\"@type\":\"BreadcrumbList\",\"@id\":\"https:\\\/\\\/greenmedsoft.com\\\/legal-notice\\\/#breadcrumb\",\"itemListElement\":[{\"@type\":\"ListItem\",\"position\":1,\"name\":\"Home\",\"item\":\"https:\\\/\\\/greenmedsoft.com\\\/fr\\\/\"},{\"@type\":\"ListItem\",\"position\":2,\"name\":\"Legal Notice\"}]},{\"@type\":\"WebSite\",\"@id\":\"https:\\\/\\\/greenmedsoft.com\\\/#website\",\"url\":\"https:\\\/\\\/greenmedsoft.com\\\/\",\"name\":\"Green Medical Software Solutions\",\"description\":\"\",\"publisher\":{\"@id\":\"https:\\\/\\\/greenmedsoft.com\\\/#organization\"},\"potentialAction\":[{\"@type\":\"SearchAction\",\"target\":{\"@type\":\"EntryPoint\",\"urlTemplate\":\"https:\\\/\\\/greenmedsoft.com\\\/?s={search_term_string}\"},\"query-input\":{\"@type\":\"PropertyValueSpecification\",\"valueRequired\":true,\"valueName\":\"search_term_string\"}}],\"inLanguage\":\"fr-FR\"},{\"@type\":\"Organization\",\"@id\":\"https:\\\/\\\/greenmedsoft.com\\\/#organization\",\"name\":\"Green Medical Software Solutions\",\"url\":\"https:\\\/\\\/greenmedsoft.com\\\/\",\"logo\":{\"@type\":\"ImageObject\",\"inLanguage\":\"fr-FR\",\"@id\":\"https:\\\/\\\/greenmedsoft.com\\\/#\\\/schema\\\/logo\\\/image\\\/\",\"url\":\"https:\\\/\\\/greenmedsoft.com\\\/wp-content\\\/uploads\\\/2024\\\/01\\\/GMS_Logo_SVG.png\",\"contentUrl\":\"https:\\\/\\\/greenmedsoft.com\\\/wp-content\\\/uploads\\\/2024\\\/01\\\/GMS_Logo_SVG.png\",\"width\":1624,\"height\":490,\"caption\":\"Green Medical Software Solutions\"},\"image\":{\"@id\":\"https:\\\/\\\/greenmedsoft.com\\\/#\\\/schema\\\/logo\\\/image\\\/\"}}]}<\/script>\n<!-- \/ Yoast SEO plugin. -->","yoast_head_json":{"title":"Legal Notice - Green Medical Software Solutions","robots":{"index":"index","follow":"follow","max-snippet":"max-snippet:-1","max-image-preview":"max-image-preview:large","max-video-preview":"max-video-preview:-1"},"canonical":"https:\/\/greenmedsoft.com\/fr\/legal-notice\/","og_locale":"fr_FR","og_type":"article","og_title":"Legal Notice - Green Medical Software Solutions","og_description":"Legal Notice Mentions l\u00e9gales en vigueur au 01\/03\/2024 Conform\u00e9ment aux dispositions des articles 6-III et 19 de la Loi n\u00b02004-575 du 21 juin 2004 pour la Confiance dans l\u2019\u00e9conomie num\u00e9rique (LCEN), il est port\u00e9 \u00e0 la connaissance des Utilisateurs du https:\/\/greenmedsoft.com les pr\u00e9sentes mentions l\u00e9gales. La connexion et la navigation sur le site https:\/\/greenmedsoft.compar l\u2019utilisateur [&hellip;]","og_url":"https:\/\/greenmedsoft.com\/fr\/legal-notice\/","og_site_name":"Green Medical Software Solutions","article_modified_time":"2024-04-03T10:03:27+00:00","twitter_card":"summary_large_image","twitter_misc":{"Dur\u00e9e de lecture estim\u00e9e":"5 minutes"},"schema":{"@context":"https:\/\/schema.org","@graph":[{"@type":"WebPage","@id":"https:\/\/greenmedsoft.com\/legal-notice\/","url":"https:\/\/greenmedsoft.com\/legal-notice\/","name":"Legal Notice - Green Medical Software Solutions","isPartOf":{"@id":"https:\/\/greenmedsoft.com\/#website"},"datePublished":"2024-03-25T10:11:37+00:00","dateModified":"2024-04-03T10:03:27+00:00","breadcrumb":{"@id":"https:\/\/greenmedsoft.com\/legal-notice\/#breadcrumb"},"inLanguage":"fr-FR","potentialAction":[{"@type":"ReadAction","target":["https:\/\/greenmedsoft.com\/legal-notice\/"]}]},{"@type":"BreadcrumbList","@id":"https:\/\/greenmedsoft.com\/legal-notice\/#breadcrumb","itemListElement":[{"@type":"ListItem","position":1,"name":"Home","item":"https:\/\/greenmedsoft.com\/fr\/"},{"@type":"ListItem","position":2,"name":"Legal Notice"}]},{"@type":"WebSite","@id":"https:\/\/greenmedsoft.com\/#website","url":"https:\/\/greenmedsoft.com\/","name":"Green Medical Software Solutions","description":"","publisher":{"@id":"https:\/\/greenmedsoft.com\/#organization"},"potentialAction":[{"@type":"SearchAction","target":{"@type":"EntryPoint","urlTemplate":"https:\/\/greenmedsoft.com\/?s={search_term_string}"},"query-input":{"@type":"PropertyValueSpecification","valueRequired":true,"valueName":"search_term_string"}}],"inLanguage":"fr-FR"},{"@type":"Organization","@id":"https:\/\/greenmedsoft.com\/#organization","name":"Green Medical Software Solutions","url":"https:\/\/greenmedsoft.com\/","logo":{"@type":"ImageObject","inLanguage":"fr-FR","@id":"https:\/\/greenmedsoft.com\/#\/schema\/logo\/image\/","url":"https:\/\/greenmedsoft.com\/wp-content\/uploads\/2024\/01\/GMS_Logo_SVG.png","contentUrl":"https:\/\/greenmedsoft.com\/wp-content\/uploads\/2024\/01\/GMS_Logo_SVG.png","width":1624,"height":490,"caption":"Green Medical Software Solutions"},"image":{"@id":"https:\/\/greenmedsoft.com\/#\/schema\/logo\/image\/"}}]}},"brizy_media":[],"_links":{"self":[{"href":"https:\/\/greenmedsoft.com\/fr\/wp-json\/wp\/v2\/pages\/14444","targetHints":{"allow":["GET"]}}],"collection":[{"href":"https:\/\/greenmedsoft.com\/fr\/wp-json\/wp\/v2\/pages"}],"about":[{"href":"https:\/\/greenmedsoft.com\/fr\/wp-json\/wp\/v2\/types\/page"}],"author":[{"embeddable":true,"href":"https:\/\/greenmedsoft.com\/fr\/wp-json\/wp\/v2\/users\/1"}],"replies":[{"embeddable":true,"href":"https:\/\/greenmedsoft.com\/fr\/wp-json\/wp\/v2\/comments?post=14444"}],"version-history":[{"count":68,"href":"https:\/\/greenmedsoft.com\/fr\/wp-json\/wp\/v2\/pages\/14444\/revisions"}],"predecessor-version":[{"id":14541,"href":"https:\/\/greenmedsoft.com\/fr\/wp-json\/wp\/v2\/pages\/14444\/revisions\/14541"}],"wp:attachment":[{"href":"https:\/\/greenmedsoft.com\/fr\/wp-json\/wp\/v2\/media?parent=14444"}],"curies":[{"name":"wp","href":"https:\/\/api.w.org\/{rel}","templated":true}]}}